{"id":3580,"date":"2022-10-31T09:54:15","date_gmt":"2022-10-31T12:54:15","guid":{"rendered":"https:\/\/automotivo.jfaeletronicos.com\/?post_type=product&#038;p=3580"},"modified":"2024-10-17T08:24:33","modified_gmt":"2024-10-17T11:24:33","slug":"power-supply-and-charger-bob-x-line","status":"publish","type":"product","link":"https:\/\/automotivo.jfaeletronicos.com\/en\/produtos\/power-supply-and-charger-bob-x-line\/","title":{"rendered":"Bob X-Line"},"content":{"rendered":"\n<p>Bob X-line is a resource used in projects that do not require such a high number of functionalities, as is the case with Bob Boxes.<\/p>\n\n\n\n<p>It was with this in mind that JFA created the Bob X-line, a specific power supply for you who want, above all, to simplify your bob box project.<\/p>\n\n\n\n<p>Its main differential is that its use eliminates the need for a battery to work, maintaining the same performance. See its main features:<\/p>\n\n\n\n<p>\u25cf Storm function that indicates that the power supply is operating at its highest potential with an output voltage of 15V.<\/p>\n\n\n\n<p>\u25cf Harmonic design that allows the adaptation of Bob Storm in projects in a compact way.<\/p>\n\n\n\n<p>Bob X-line sources are available in amperages:<\/p>\n\n\n\n<p>\u25cf  200A keeps up to 3800 WRMS of playing sound.<\/p>\n\n\n\n<p>\u25cf  120A keeps up to 2.300 WRMS of playing sound.<\/p>\n\n\n\n<p>\u25cf  90A keeps up to 1.700 WRMS of playing sound.<\/p>\n\n\n\n<p><\/p>\n\n\n\n<p>Learn more about this product on our <a href=\"https:\/\/api.whatsapp.com\/send?phone=5531984231100\">WhatsApp<\/a>.<\/p>\n","protected":false},"featured_media":3589,"menu_order":0,"template":"","products_category":[75,47],"class_list":["post-3580","product","type-product","status-publish","has-post-thumbnail","hentry","products_category-bob-x-line","products_category-power-supply-and-chargers"],"acf":[],"yoast_head":"<!-- This site is optimized with the Yoast SEO plugin v27.2 - https:\/\/yoast.com\/product\/yoast-seo-wordpress\/ -->\n<title>Bob X-Line - JFA Automotivo<\/title>\n<meta name=\"description\" content=\"The Bob X-line source keeps your sound playing in your Bob Box, without the need for a battery. Check it out.\" \/>\n<meta name=\"robots\" content=\"index, follow, max-snippet:-1, max-image-preview:large, max-video-preview:-1\" \/>\n<link rel=\"canonical\" href=\"https:\/\/automotivo.jfaeletronicos.com\/en\/produtos\/power-supply-and-charger-bob-x-line\/\" \/>\n<meta property=\"og:locale\" content=\"en_US\" \/>\n<meta property=\"og:type\" content=\"article\" \/>\n<meta property=\"og:title\" content=\"Bob X-Line - JFA Automotivo\" \/>\n<meta property=\"og:description\" content=\"The Bob X-line source keeps your sound playing in your Bob Box, without the need for a battery. Check it out.\" \/>\n<meta property=\"og:url\" content=\"https:\/\/automotivo.jfaeletronicos.com\/en\/produtos\/power-supply-and-charger-bob-x-line\/\" \/>\n<meta property=\"og:site_name\" content=\"JFA Automotivo\" \/>\n<meta property=\"article:modified_time\" content=\"2024-10-17T11:24:33+00:00\" \/>\n<meta property=\"og:image\" content=\"https:\/\/images.weserv.nl\/?output=webp&url=https:\/\/automotivo.jfaeletronicos.com\/wp-content\/uploads\/sites\/2\/2022\/10\/jfa-image-display-product-source-bob-x-line-120a.png\" \/>\n\t<meta property=\"og:image:width\" content=\"512\" \/>\n\t<meta property=\"og:image:height\" content=\"512\" \/>\n\t<meta property=\"og:image:type\" content=\"image\/png\" \/>\n<meta name=\"twitter:card\" content=\"summary_large_image\" \/>\n<script type=\"application\/ld+json\" class=\"yoast-schema-graph\">{\"@context\":\"https:\/\/schema.org\",\"@graph\":[{\"@type\":\"WebPage\",\"@id\":\"https:\/\/automotivo.jfaeletronicos.com\/en\/produtos\/power-supply-and-charger-bob-x-line\/\",\"url\":\"https:\/\/automotivo.jfaeletronicos.com\/en\/produtos\/power-supply-and-charger-bob-x-line\/\",\"name\":\"Bob X-Line - JFA Automotivo\",\"isPartOf\":{\"@id\":\"https:\/\/automotivo.jfaeletronicos.com\/#website\"},\"primaryImageOfPage\":{\"@id\":\"https:\/\/automotivo.jfaeletronicos.com\/en\/produtos\/power-supply-and-charger-bob-x-line\/#primaryimage\"},\"image\":{\"@id\":\"https:\/\/automotivo.jfaeletronicos.com\/en\/produtos\/power-supply-and-charger-bob-x-line\/#primaryimage\"},\"thumbnailUrl\":\"https:\/\/images.weserv.nl\/?output=webp&url=https:\/\/automotivo.jfaeletronicos.com\/wp-content\/uploads\/sites\/2\/2022\/10\/jfa-image-display-product-source-bob-x-line-120a.png\",\"datePublished\":\"2022-10-31T12:54:15+00:00\",\"dateModified\":\"2024-10-17T11:24:33+00:00\",\"description\":\"The Bob X-line source keeps your sound playing in your Bob Box, without the need for a battery. Check it out.\",\"breadcrumb\":{\"@id\":\"https:\/\/automotivo.jfaeletronicos.com\/en\/produtos\/power-supply-and-charger-bob-x-line\/#breadcrumb\"},\"inLanguage\":\"en-US\",\"potentialAction\":[{\"@type\":\"ReadAction\",\"target\":[\"https:\/\/automotivo.jfaeletronicos.com\/en\/produtos\/power-supply-and-charger-bob-x-line\/\"]}]},{\"@type\":\"ImageObject\",\"inLanguage\":\"en-US\",\"@id\":\"https:\/\/automotivo.jfaeletronicos.com\/en\/produtos\/power-supply-and-charger-bob-x-line\/#primaryimage\",\"url\":\"https:\/\/images.weserv.nl\/?output=webp&url=https:\/\/automotivo.jfaeletronicos.com\/wp-content\/uploads\/sites\/2\/2022\/10\/jfa-image-display-product-source-bob-x-line-120a.png\",\"contentUrl\":\"https:\/\/images.weserv.nl\/?output=webp&url=https:\/\/automotivo.jfaeletronicos.com\/wp-content\/uploads\/sites\/2\/2022\/10\/jfa-image-display-product-source-bob-x-line-120a.png\",\"width\":512,\"height\":512},{\"@type\":\"BreadcrumbList\",\"@id\":\"https:\/\/automotivo.jfaeletronicos.com\/en\/produtos\/power-supply-and-charger-bob-x-line\/#breadcrumb\",\"itemListElement\":[{\"@type\":\"ListItem\",\"position\":1,\"name\":\"In\u00edcio\",\"item\":\"https:\/\/automotivo.jfaeletronicos.com\/en\/\"},{\"@type\":\"ListItem\",\"position\":2,\"name\":\"Bob X-Line\"}]},{\"@type\":\"WebSite\",\"@id\":\"https:\/\/automotivo.jfaeletronicos.com\/#website\",\"url\":\"https:\/\/automotivo.jfaeletronicos.com\/\",\"name\":\"JFA Automotivo\",\"description\":\"Pot\u00eancia, design, tecnologia e inova\u00e7\u00e3o\",\"potentialAction\":[{\"@type\":\"SearchAction\",\"target\":{\"@type\":\"EntryPoint\",\"urlTemplate\":\"https:\/\/automotivo.jfaeletronicos.com\/?s={search_term_string}\"},\"query-input\":{\"@type\":\"PropertyValueSpecification\",\"valueRequired\":true,\"valueName\":\"search_term_string\"}}],\"inLanguage\":\"en-US\"}]}<\/script>\n<!-- \/ Yoast SEO plugin. -->","yoast_head_json":{"title":"Bob X-Line - JFA Automotivo","description":"The Bob X-line source keeps your sound playing in your Bob Box, without the need for a battery. Check it out.","robots":{"index":"index","follow":"follow","max-snippet":"max-snippet:-1","max-image-preview":"max-image-preview:large","max-video-preview":"max-video-preview:-1"},"canonical":"https:\/\/automotivo.jfaeletronicos.com\/en\/produtos\/power-supply-and-charger-bob-x-line\/","og_locale":"en_US","og_type":"article","og_title":"Bob X-Line - JFA Automotivo","og_description":"The Bob X-line source keeps your sound playing in your Bob Box, without the need for a battery. Check it out.","og_url":"https:\/\/automotivo.jfaeletronicos.com\/en\/produtos\/power-supply-and-charger-bob-x-line\/","og_site_name":"JFA Automotivo","article_modified_time":"2024-10-17T11:24:33+00:00","og_image":[{"width":512,"height":512,"url":"https:\/\/images.weserv.nl\/?output=webp&url=https:\/\/automotivo.jfaeletronicos.com\/wp-content\/uploads\/sites\/2\/2022\/10\/jfa-image-display-product-source-bob-x-line-120a.png","type":"image\/png"}],"twitter_card":"summary_large_image","schema":{"@context":"https:\/\/schema.org","@graph":[{"@type":"WebPage","@id":"https:\/\/automotivo.jfaeletronicos.com\/en\/produtos\/power-supply-and-charger-bob-x-line\/","url":"https:\/\/automotivo.jfaeletronicos.com\/en\/produtos\/power-supply-and-charger-bob-x-line\/","name":"Bob X-Line - JFA Automotivo","isPartOf":{"@id":"https:\/\/automotivo.jfaeletronicos.com\/#website"},"primaryImageOfPage":{"@id":"https:\/\/automotivo.jfaeletronicos.com\/en\/produtos\/power-supply-and-charger-bob-x-line\/#primaryimage"},"image":{"@id":"https:\/\/automotivo.jfaeletronicos.com\/en\/produtos\/power-supply-and-charger-bob-x-line\/#primaryimage"},"thumbnailUrl":"https:\/\/images.weserv.nl\/?output=webp&url=https:\/\/automotivo.jfaeletronicos.com\/wp-content\/uploads\/sites\/2\/2022\/10\/jfa-image-display-product-source-bob-x-line-120a.png","datePublished":"2022-10-31T12:54:15+00:00","dateModified":"2024-10-17T11:24:33+00:00","description":"The Bob X-line source keeps your sound playing in your Bob Box, without the need for a battery. Check it out.","breadcrumb":{"@id":"https:\/\/automotivo.jfaeletronicos.com\/en\/produtos\/power-supply-and-charger-bob-x-line\/#breadcrumb"},"inLanguage":"en-US","potentialAction":[{"@type":"ReadAction","target":["https:\/\/automotivo.jfaeletronicos.com\/en\/produtos\/power-supply-and-charger-bob-x-line\/"]}]},{"@type":"ImageObject","inLanguage":"en-US","@id":"https:\/\/automotivo.jfaeletronicos.com\/en\/produtos\/power-supply-and-charger-bob-x-line\/#primaryimage","url":"https:\/\/images.weserv.nl\/?output=webp&url=https:\/\/automotivo.jfaeletronicos.com\/wp-content\/uploads\/sites\/2\/2022\/10\/jfa-image-display-product-source-bob-x-line-120a.png","contentUrl":"https:\/\/images.weserv.nl\/?output=webp&url=https:\/\/automotivo.jfaeletronicos.com\/wp-content\/uploads\/sites\/2\/2022\/10\/jfa-image-display-product-source-bob-x-line-120a.png","width":512,"height":512},{"@type":"BreadcrumbList","@id":"https:\/\/automotivo.jfaeletronicos.com\/en\/produtos\/power-supply-and-charger-bob-x-line\/#breadcrumb","itemListElement":[{"@type":"ListItem","position":1,"name":"In\u00edcio","item":"https:\/\/automotivo.jfaeletronicos.com\/en\/"},{"@type":"ListItem","position":2,"name":"Bob X-Line"}]},{"@type":"WebSite","@id":"https:\/\/automotivo.jfaeletronicos.com\/#website","url":"https:\/\/automotivo.jfaeletronicos.com\/","name":"JFA Automotivo","description":"Pot\u00eancia, design, tecnologia e inova\u00e7\u00e3o","potentialAction":[{"@type":"SearchAction","target":{"@type":"EntryPoint","urlTemplate":"https:\/\/automotivo.jfaeletronicos.com\/?s={search_term_string}"},"query-input":{"@type":"PropertyValueSpecification","valueRequired":true,"valueName":"search_term_string"}}],"inLanguage":"en-US"}]}},"_links":{"self":[{"href":"https:\/\/automotivo.jfaeletronicos.com\/en\/wp-json\/wp\/v2\/product\/3580","targetHints":{"allow":["GET"]}}],"collection":[{"href":"https:\/\/automotivo.jfaeletronicos.com\/en\/wp-json\/wp\/v2\/product"}],"about":[{"href":"https:\/\/automotivo.jfaeletronicos.com\/en\/wp-json\/wp\/v2\/types\/product"}],"wp:featuredmedia":[{"embeddable":true,"href":"https:\/\/automotivo.jfaeletronicos.com\/en\/wp-json\/wp\/v2\/media\/3589"}],"wp:attachment":[{"href":"https:\/\/automotivo.jfaeletronicos.com\/en\/wp-json\/wp\/v2\/media?parent=3580"}],"wp:term":[{"taxonomy":"products_category","embeddable":true,"href":"https:\/\/automotivo.jfaeletronicos.com\/en\/wp-json\/wp\/v2\/products_category?post=3580"}],"curies":[{"name":"wp","href":"https:\/\/api.w.org\/{rel}","templated":true}]}}