{"id":3252,"date":"2022-08-10T08:02:46","date_gmt":"2022-08-10T11:02:46","guid":{"rendered":"https:\/\/automotivo.jfaeletronicos.com\/produtos\/sci-power-supply-snd-charger\/"},"modified":"2022-10-31T10:55:29","modified_gmt":"2022-10-31T13:55:29","slug":"sci-power-supply-snd-charger","status":"publish","type":"product","link":"https:\/\/automotivo.jfaeletronicos.com\/en\/produtos\/sci-power-supply-snd-charger\/","title":{"rendered":"SCI Power Supply snd Charger"},"content":{"rendered":"\n<p>The <strong>SCI Power Supply and Charger<\/strong> is a high-powered power supply that allows you to power and charge 14.4 volt or Auto SCI.<\/p>\n\n\n\n<p>Developed to provide maximum efficiency in powering and charging batteries in the 12-volt system without damaging them, it features the exclusive JFA Smart Charging System (SCI), which increases the efficiency of battery capacity to accumulate charge and also its useful life by preventing overheating of its plates. <\/p>\n\n\n\n<p>The features of the SCI Power Supply and Charger are:<\/p>\n\n\n\n<ul class=\"wp-block-list\"><li>Display to monitor output voltage and current;<\/li><li>Battery level and full charge LED indicators;<\/li><li>Dual 110\/220Vac automatic voltage adjustment.<\/li><\/ul>\n\n\n\n<p>SCI sources can be found in the amperages: 10A, 36A, 50A, 60A, 70A, 100A, 120A 150A, 200A and 200A monovolt. <\/p>\n","protected":false},"featured_media":3302,"menu_order":6,"template":"","products_category":[49,47],"class_list":["post-3252","product","type-product","status-publish","has-post-thumbnail","hentry","products_category-power-supplies-sci","products_category-power-supply-and-chargers"],"acf":[],"yoast_head":"<!-- This site is optimized with the Yoast SEO plugin v27.2 - https:\/\/yoast.com\/product\/yoast-seo-wordpress\/ -->\n<title>SCI Power Supply snd Charger - JFA Automotivo<\/title>\n<meta name=\"description\" content=\"The SCI Power Supply and Charger is a high power supply for powering and charging automotive batteries\" \/>\n<meta name=\"robots\" content=\"index, follow, max-snippet:-1, max-image-preview:large, max-video-preview:-1\" \/>\n<link rel=\"canonical\" href=\"https:\/\/automotivo.jfaeletronicos.com\/en\/produtos\/sci-power-supply-snd-charger\/\" \/>\n<meta property=\"og:locale\" content=\"en_US\" \/>\n<meta property=\"og:type\" content=\"article\" \/>\n<meta property=\"og:title\" content=\"SCI Power Supply snd Charger - JFA Automotivo\" \/>\n<meta property=\"og:description\" content=\"The SCI Power Supply and Charger is a high power supply for powering and charging automotive batteries\" \/>\n<meta property=\"og:url\" content=\"https:\/\/automotivo.jfaeletronicos.com\/en\/produtos\/sci-power-supply-snd-charger\/\" \/>\n<meta property=\"og:site_name\" content=\"JFA Automotivo\" \/>\n<meta property=\"article:modified_time\" content=\"2022-10-31T13:55:29+00:00\" \/>\n<meta property=\"og:image\" content=\"https:\/\/images.weserv.nl\/?output=webp&url=https:\/\/automotivo.jfaeletronicos.com\/wp-content\/uploads\/sites\/2\/2022\/08\/jfa-imagem-destaque-produto-fonte-sci-70a.jpg.png\" \/>\n\t<meta property=\"og:image:width\" content=\"512\" \/>\n\t<meta property=\"og:image:height\" content=\"512\" \/>\n\t<meta property=\"og:image:type\" content=\"image\/png\" \/>\n<meta name=\"twitter:card\" content=\"summary_large_image\" \/>\n<script type=\"application\/ld+json\" class=\"yoast-schema-graph\">{\"@context\":\"https:\/\/schema.org\",\"@graph\":[{\"@type\":\"WebPage\",\"@id\":\"https:\/\/automotivo.jfaeletronicos.com\/en\/produtos\/sci-power-supply-snd-charger\/\",\"url\":\"https:\/\/automotivo.jfaeletronicos.com\/en\/produtos\/sci-power-supply-snd-charger\/\",\"name\":\"SCI Power Supply snd Charger - JFA Automotivo\",\"isPartOf\":{\"@id\":\"https:\/\/automotivo.jfaeletronicos.com\/#website\"},\"primaryImageOfPage\":{\"@id\":\"https:\/\/automotivo.jfaeletronicos.com\/en\/produtos\/sci-power-supply-snd-charger\/#primaryimage\"},\"image\":{\"@id\":\"https:\/\/automotivo.jfaeletronicos.com\/en\/produtos\/sci-power-supply-snd-charger\/#primaryimage\"},\"thumbnailUrl\":\"https:\/\/images.weserv.nl\/?output=webp&url=https:\/\/automotivo.jfaeletronicos.com\/wp-content\/uploads\/sites\/2\/2022\/08\/jfa-imagem-destaque-produto-fonte-sci-70a.jpg.png\",\"datePublished\":\"2022-08-10T11:02:46+00:00\",\"dateModified\":\"2022-10-31T13:55:29+00:00\",\"description\":\"The SCI Power Supply and Charger is a high power supply for powering and charging automotive batteries\",\"breadcrumb\":{\"@id\":\"https:\/\/automotivo.jfaeletronicos.com\/en\/produtos\/sci-power-supply-snd-charger\/#breadcrumb\"},\"inLanguage\":\"en-US\",\"potentialAction\":[{\"@type\":\"ReadAction\",\"target\":[\"https:\/\/automotivo.jfaeletronicos.com\/en\/produtos\/sci-power-supply-snd-charger\/\"]}]},{\"@type\":\"ImageObject\",\"inLanguage\":\"en-US\",\"@id\":\"https:\/\/automotivo.jfaeletronicos.com\/en\/produtos\/sci-power-supply-snd-charger\/#primaryimage\",\"url\":\"https:\/\/images.weserv.nl\/?output=webp&url=https:\/\/automotivo.jfaeletronicos.com\/wp-content\/uploads\/sites\/2\/2022\/08\/jfa-imagem-destaque-produto-fonte-sci-70a.jpg.png\",\"contentUrl\":\"https:\/\/images.weserv.nl\/?output=webp&url=https:\/\/automotivo.jfaeletronicos.com\/wp-content\/uploads\/sites\/2\/2022\/08\/jfa-imagem-destaque-produto-fonte-sci-70a.jpg.png\",\"width\":512,\"height\":512},{\"@type\":\"BreadcrumbList\",\"@id\":\"https:\/\/automotivo.jfaeletronicos.com\/en\/produtos\/sci-power-supply-snd-charger\/#breadcrumb\",\"itemListElement\":[{\"@type\":\"ListItem\",\"position\":1,\"name\":\"In\u00edcio\",\"item\":\"https:\/\/automotivo.jfaeletronicos.com\/en\/\"},{\"@type\":\"ListItem\",\"position\":2,\"name\":\"SCI Power Supply snd Charger\"}]},{\"@type\":\"WebSite\",\"@id\":\"https:\/\/automotivo.jfaeletronicos.com\/#website\",\"url\":\"https:\/\/automotivo.jfaeletronicos.com\/\",\"name\":\"JFA Automotivo\",\"description\":\"Pot\u00eancia, design, tecnologia e inova\u00e7\u00e3o\",\"potentialAction\":[{\"@type\":\"SearchAction\",\"target\":{\"@type\":\"EntryPoint\",\"urlTemplate\":\"https:\/\/automotivo.jfaeletronicos.com\/?s={search_term_string}\"},\"query-input\":{\"@type\":\"PropertyValueSpecification\",\"valueRequired\":true,\"valueName\":\"search_term_string\"}}],\"inLanguage\":\"en-US\"}]}<\/script>\n<!-- \/ Yoast SEO plugin. -->","yoast_head_json":{"title":"SCI Power Supply snd Charger - JFA Automotivo","description":"The SCI Power Supply and Charger is a high power supply for powering and charging automotive batteries","robots":{"index":"index","follow":"follow","max-snippet":"max-snippet:-1","max-image-preview":"max-image-preview:large","max-video-preview":"max-video-preview:-1"},"canonical":"https:\/\/automotivo.jfaeletronicos.com\/en\/produtos\/sci-power-supply-snd-charger\/","og_locale":"en_US","og_type":"article","og_title":"SCI Power Supply snd Charger - JFA Automotivo","og_description":"The SCI Power Supply and Charger is a high power supply for powering and charging automotive batteries","og_url":"https:\/\/automotivo.jfaeletronicos.com\/en\/produtos\/sci-power-supply-snd-charger\/","og_site_name":"JFA Automotivo","article_modified_time":"2022-10-31T13:55:29+00:00","og_image":[{"width":512,"height":512,"url":"https:\/\/images.weserv.nl\/?output=webp&url=https:\/\/automotivo.jfaeletronicos.com\/wp-content\/uploads\/sites\/2\/2022\/08\/jfa-imagem-destaque-produto-fonte-sci-70a.jpg.png","type":"image\/png"}],"twitter_card":"summary_large_image","schema":{"@context":"https:\/\/schema.org","@graph":[{"@type":"WebPage","@id":"https:\/\/automotivo.jfaeletronicos.com\/en\/produtos\/sci-power-supply-snd-charger\/","url":"https:\/\/automotivo.jfaeletronicos.com\/en\/produtos\/sci-power-supply-snd-charger\/","name":"SCI Power Supply snd Charger - JFA Automotivo","isPartOf":{"@id":"https:\/\/automotivo.jfaeletronicos.com\/#website"},"primaryImageOfPage":{"@id":"https:\/\/automotivo.jfaeletronicos.com\/en\/produtos\/sci-power-supply-snd-charger\/#primaryimage"},"image":{"@id":"https:\/\/automotivo.jfaeletronicos.com\/en\/produtos\/sci-power-supply-snd-charger\/#primaryimage"},"thumbnailUrl":"https:\/\/images.weserv.nl\/?output=webp&url=https:\/\/automotivo.jfaeletronicos.com\/wp-content\/uploads\/sites\/2\/2022\/08\/jfa-imagem-destaque-produto-fonte-sci-70a.jpg.png","datePublished":"2022-08-10T11:02:46+00:00","dateModified":"2022-10-31T13:55:29+00:00","description":"The SCI Power Supply and Charger is a high power supply for powering and charging automotive batteries","breadcrumb":{"@id":"https:\/\/automotivo.jfaeletronicos.com\/en\/produtos\/sci-power-supply-snd-charger\/#breadcrumb"},"inLanguage":"en-US","potentialAction":[{"@type":"ReadAction","target":["https:\/\/automotivo.jfaeletronicos.com\/en\/produtos\/sci-power-supply-snd-charger\/"]}]},{"@type":"ImageObject","inLanguage":"en-US","@id":"https:\/\/automotivo.jfaeletronicos.com\/en\/produtos\/sci-power-supply-snd-charger\/#primaryimage","url":"https:\/\/images.weserv.nl\/?output=webp&url=https:\/\/automotivo.jfaeletronicos.com\/wp-content\/uploads\/sites\/2\/2022\/08\/jfa-imagem-destaque-produto-fonte-sci-70a.jpg.png","contentUrl":"https:\/\/images.weserv.nl\/?output=webp&url=https:\/\/automotivo.jfaeletronicos.com\/wp-content\/uploads\/sites\/2\/2022\/08\/jfa-imagem-destaque-produto-fonte-sci-70a.jpg.png","width":512,"height":512},{"@type":"BreadcrumbList","@id":"https:\/\/automotivo.jfaeletronicos.com\/en\/produtos\/sci-power-supply-snd-charger\/#breadcrumb","itemListElement":[{"@type":"ListItem","position":1,"name":"In\u00edcio","item":"https:\/\/automotivo.jfaeletronicos.com\/en\/"},{"@type":"ListItem","position":2,"name":"SCI Power Supply snd Charger"}]},{"@type":"WebSite","@id":"https:\/\/automotivo.jfaeletronicos.com\/#website","url":"https:\/\/automotivo.jfaeletronicos.com\/","name":"JFA Automotivo","description":"Pot\u00eancia, design, tecnologia e inova\u00e7\u00e3o","potentialAction":[{"@type":"SearchAction","target":{"@type":"EntryPoint","urlTemplate":"https:\/\/automotivo.jfaeletronicos.com\/?s={search_term_string}"},"query-input":{"@type":"PropertyValueSpecification","valueRequired":true,"valueName":"search_term_string"}}],"inLanguage":"en-US"}]}},"_links":{"self":[{"href":"https:\/\/automotivo.jfaeletronicos.com\/en\/wp-json\/wp\/v2\/product\/3252","targetHints":{"allow":["GET"]}}],"collection":[{"href":"https:\/\/automotivo.jfaeletronicos.com\/en\/wp-json\/wp\/v2\/product"}],"about":[{"href":"https:\/\/automotivo.jfaeletronicos.com\/en\/wp-json\/wp\/v2\/types\/product"}],"wp:featuredmedia":[{"embeddable":true,"href":"https:\/\/automotivo.jfaeletronicos.com\/en\/wp-json\/wp\/v2\/media\/3302"}],"wp:attachment":[{"href":"https:\/\/automotivo.jfaeletronicos.com\/en\/wp-json\/wp\/v2\/media?parent=3252"}],"wp:term":[{"taxonomy":"products_category","embeddable":true,"href":"https:\/\/automotivo.jfaeletronicos.com\/en\/wp-json\/wp\/v2\/products_category?post=3252"}],"curies":[{"name":"wp","href":"https:\/\/api.w.org\/{rel}","templated":true}]}}