{"id":3251,"date":"2022-08-10T07:59:05","date_gmt":"2022-08-10T10:59:05","guid":{"rendered":"https:\/\/automotivo.jfaeletronicos.com\/produtos\/redline-power-supply-and-charger\/"},"modified":"2022-10-31T10:55:06","modified_gmt":"2022-10-31T13:55:06","slug":"redline-power-supply-and-charger","status":"publish","type":"product","link":"https:\/\/automotivo.jfaeletronicos.com\/en\/produtos\/redline-power-supply-and-charger\/","title":{"rendered":"Redline Power Supply and Charger"},"content":{"rendered":"\n<p><strong>Redline Power Supply and Charger<\/strong> is a high-powered power supply that can be used to <strong data-rich-text-format-boundary=\"true\">power and charge automotive batteries<\/strong>. It is part of a line that takes both innovation and performance seriously, operating in 3 modes:<\/p>\n\n\n\n<ul class=\"wp-block-list\"><li><strong>Slow Charging Mode:<\/strong> Charges batteries in gradual stages: rise, absorption and equalization. The <strong>Slow Charging Mode of the Redline Power Supply<\/strong> is ideal for recharging batteries with a low charge, thus obtaining maximum charging efficiency, without generating wear and increasing battery life.<\/li><li><ul>\r\n \t<li><strong>Auto SCI Mode: <\/strong>Use it when the system is on or when you need to quickly charge the battery. The <strong>Auto SCI Mode of the Redline Power Supply<\/strong> is able to maintain the maximum output power (14.4V) and enter the SCI pulsed system only with the battery charged, remaining in fluctuation.<\/li>\r\n<\/ul><\/li><li>Output Voltage Mode: Makes it possible to digitally choose among 8 voltage values at the output of the 200A Redline Power Supply: 12.6V \/ 12.8V \/ 13V \/ 13.2V \/ 13.8V \/ 14V \/ 14.2V and 14.4V.<\/li><\/ul>\n\n\n\n<p>Redline power supplies are available in the following amperages: 60A, 120A and 200A. <\/p>\n","protected":false},"featured_media":3298,"menu_order":4,"template":"","products_category":[47,50],"class_list":["post-3251","product","type-product","status-publish","has-post-thumbnail","hentry","products_category-power-supply-and-chargers","products_category-redline-power-supply"],"acf":[],"yoast_head":"<!-- This site is optimized with the Yoast SEO plugin v27.2 - https:\/\/yoast.com\/product\/yoast-seo-wordpress\/ -->\n<title>Redline Power Supply and Charger - JFA Automotivo<\/title>\n<meta name=\"description\" content=\"The Redline Power Supply is a high power supply, which can be used to power and charge automotive batteries.\" \/>\n<meta name=\"robots\" content=\"index, follow, max-snippet:-1, max-image-preview:large, max-video-preview:-1\" \/>\n<link rel=\"canonical\" href=\"https:\/\/automotivo.jfaeletronicos.com\/en\/produtos\/redline-power-supply-and-charger\/\" \/>\n<meta property=\"og:locale\" content=\"en_US\" \/>\n<meta property=\"og:type\" content=\"article\" \/>\n<meta property=\"og:title\" content=\"Redline Power Supply and Charger - JFA Automotivo\" \/>\n<meta property=\"og:description\" content=\"The Redline Power Supply is a high power supply, which can be used to power and charge automotive batteries.\" \/>\n<meta property=\"og:url\" content=\"https:\/\/automotivo.jfaeletronicos.com\/en\/produtos\/redline-power-supply-and-charger\/\" \/>\n<meta property=\"og:site_name\" content=\"JFA Automotivo\" \/>\n<meta property=\"article:modified_time\" content=\"2022-10-31T13:55:06+00:00\" \/>\n<meta property=\"og:image\" content=\"https:\/\/images.weserv.nl\/?output=webp&url=https:\/\/automotivo.jfaeletronicos.com\/wp-content\/uploads\/sites\/2\/2022\/08\/jfa-imagem-destaque-produto-fonte-redline-120a.jpg.png\" \/>\n\t<meta property=\"og:image:width\" content=\"512\" \/>\n\t<meta property=\"og:image:height\" content=\"512\" \/>\n\t<meta property=\"og:image:type\" content=\"image\/png\" \/>\n<meta name=\"twitter:card\" content=\"summary_large_image\" \/>\n<script type=\"application\/ld+json\" class=\"yoast-schema-graph\">{\"@context\":\"https:\/\/schema.org\",\"@graph\":[{\"@type\":\"WebPage\",\"@id\":\"https:\/\/automotivo.jfaeletronicos.com\/en\/produtos\/redline-power-supply-and-charger\/\",\"url\":\"https:\/\/automotivo.jfaeletronicos.com\/en\/produtos\/redline-power-supply-and-charger\/\",\"name\":\"Redline Power Supply and Charger - JFA Automotivo\",\"isPartOf\":{\"@id\":\"https:\/\/automotivo.jfaeletronicos.com\/#website\"},\"primaryImageOfPage\":{\"@id\":\"https:\/\/automotivo.jfaeletronicos.com\/en\/produtos\/redline-power-supply-and-charger\/#primaryimage\"},\"image\":{\"@id\":\"https:\/\/automotivo.jfaeletronicos.com\/en\/produtos\/redline-power-supply-and-charger\/#primaryimage\"},\"thumbnailUrl\":\"https:\/\/images.weserv.nl\/?output=webp&url=https:\/\/automotivo.jfaeletronicos.com\/wp-content\/uploads\/sites\/2\/2022\/08\/jfa-imagem-destaque-produto-fonte-redline-120a.jpg.png\",\"datePublished\":\"2022-08-10T10:59:05+00:00\",\"dateModified\":\"2022-10-31T13:55:06+00:00\",\"description\":\"The Redline Power Supply is a high power supply, which can be used to power and charge automotive batteries.\",\"breadcrumb\":{\"@id\":\"https:\/\/automotivo.jfaeletronicos.com\/en\/produtos\/redline-power-supply-and-charger\/#breadcrumb\"},\"inLanguage\":\"en-US\",\"potentialAction\":[{\"@type\":\"ReadAction\",\"target\":[\"https:\/\/automotivo.jfaeletronicos.com\/en\/produtos\/redline-power-supply-and-charger\/\"]}]},{\"@type\":\"ImageObject\",\"inLanguage\":\"en-US\",\"@id\":\"https:\/\/automotivo.jfaeletronicos.com\/en\/produtos\/redline-power-supply-and-charger\/#primaryimage\",\"url\":\"https:\/\/images.weserv.nl\/?output=webp&url=https:\/\/automotivo.jfaeletronicos.com\/wp-content\/uploads\/sites\/2\/2022\/08\/jfa-imagem-destaque-produto-fonte-redline-120a.jpg.png\",\"contentUrl\":\"https:\/\/images.weserv.nl\/?output=webp&url=https:\/\/automotivo.jfaeletronicos.com\/wp-content\/uploads\/sites\/2\/2022\/08\/jfa-imagem-destaque-produto-fonte-redline-120a.jpg.png\",\"width\":512,\"height\":512},{\"@type\":\"BreadcrumbList\",\"@id\":\"https:\/\/automotivo.jfaeletronicos.com\/en\/produtos\/redline-power-supply-and-charger\/#breadcrumb\",\"itemListElement\":[{\"@type\":\"ListItem\",\"position\":1,\"name\":\"In\u00edcio\",\"item\":\"https:\/\/automotivo.jfaeletronicos.com\/en\/\"},{\"@type\":\"ListItem\",\"position\":2,\"name\":\"Redline Power Supply and Charger\"}]},{\"@type\":\"WebSite\",\"@id\":\"https:\/\/automotivo.jfaeletronicos.com\/#website\",\"url\":\"https:\/\/automotivo.jfaeletronicos.com\/\",\"name\":\"JFA Automotivo\",\"description\":\"Pot\u00eancia, design, tecnologia e inova\u00e7\u00e3o\",\"potentialAction\":[{\"@type\":\"SearchAction\",\"target\":{\"@type\":\"EntryPoint\",\"urlTemplate\":\"https:\/\/automotivo.jfaeletronicos.com\/?s={search_term_string}\"},\"query-input\":{\"@type\":\"PropertyValueSpecification\",\"valueRequired\":true,\"valueName\":\"search_term_string\"}}],\"inLanguage\":\"en-US\"}]}<\/script>\n<!-- \/ Yoast SEO plugin. -->","yoast_head_json":{"title":"Redline Power Supply and Charger - JFA Automotivo","description":"The Redline Power Supply is a high power supply, which can be used to power and charge automotive batteries.","robots":{"index":"index","follow":"follow","max-snippet":"max-snippet:-1","max-image-preview":"max-image-preview:large","max-video-preview":"max-video-preview:-1"},"canonical":"https:\/\/automotivo.jfaeletronicos.com\/en\/produtos\/redline-power-supply-and-charger\/","og_locale":"en_US","og_type":"article","og_title":"Redline Power Supply and Charger - JFA Automotivo","og_description":"The Redline Power Supply is a high power supply, which can be used to power and charge automotive batteries.","og_url":"https:\/\/automotivo.jfaeletronicos.com\/en\/produtos\/redline-power-supply-and-charger\/","og_site_name":"JFA Automotivo","article_modified_time":"2022-10-31T13:55:06+00:00","og_image":[{"width":512,"height":512,"url":"https:\/\/images.weserv.nl\/?output=webp&url=https:\/\/automotivo.jfaeletronicos.com\/wp-content\/uploads\/sites\/2\/2022\/08\/jfa-imagem-destaque-produto-fonte-redline-120a.jpg.png","type":"image\/png"}],"twitter_card":"summary_large_image","schema":{"@context":"https:\/\/schema.org","@graph":[{"@type":"WebPage","@id":"https:\/\/automotivo.jfaeletronicos.com\/en\/produtos\/redline-power-supply-and-charger\/","url":"https:\/\/automotivo.jfaeletronicos.com\/en\/produtos\/redline-power-supply-and-charger\/","name":"Redline Power Supply and Charger - JFA Automotivo","isPartOf":{"@id":"https:\/\/automotivo.jfaeletronicos.com\/#website"},"primaryImageOfPage":{"@id":"https:\/\/automotivo.jfaeletronicos.com\/en\/produtos\/redline-power-supply-and-charger\/#primaryimage"},"image":{"@id":"https:\/\/automotivo.jfaeletronicos.com\/en\/produtos\/redline-power-supply-and-charger\/#primaryimage"},"thumbnailUrl":"https:\/\/images.weserv.nl\/?output=webp&url=https:\/\/automotivo.jfaeletronicos.com\/wp-content\/uploads\/sites\/2\/2022\/08\/jfa-imagem-destaque-produto-fonte-redline-120a.jpg.png","datePublished":"2022-08-10T10:59:05+00:00","dateModified":"2022-10-31T13:55:06+00:00","description":"The Redline Power Supply is a high power supply, which can be used to power and charge automotive batteries.","breadcrumb":{"@id":"https:\/\/automotivo.jfaeletronicos.com\/en\/produtos\/redline-power-supply-and-charger\/#breadcrumb"},"inLanguage":"en-US","potentialAction":[{"@type":"ReadAction","target":["https:\/\/automotivo.jfaeletronicos.com\/en\/produtos\/redline-power-supply-and-charger\/"]}]},{"@type":"ImageObject","inLanguage":"en-US","@id":"https:\/\/automotivo.jfaeletronicos.com\/en\/produtos\/redline-power-supply-and-charger\/#primaryimage","url":"https:\/\/images.weserv.nl\/?output=webp&url=https:\/\/automotivo.jfaeletronicos.com\/wp-content\/uploads\/sites\/2\/2022\/08\/jfa-imagem-destaque-produto-fonte-redline-120a.jpg.png","contentUrl":"https:\/\/images.weserv.nl\/?output=webp&url=https:\/\/automotivo.jfaeletronicos.com\/wp-content\/uploads\/sites\/2\/2022\/08\/jfa-imagem-destaque-produto-fonte-redline-120a.jpg.png","width":512,"height":512},{"@type":"BreadcrumbList","@id":"https:\/\/automotivo.jfaeletronicos.com\/en\/produtos\/redline-power-supply-and-charger\/#breadcrumb","itemListElement":[{"@type":"ListItem","position":1,"name":"In\u00edcio","item":"https:\/\/automotivo.jfaeletronicos.com\/en\/"},{"@type":"ListItem","position":2,"name":"Redline Power Supply and Charger"}]},{"@type":"WebSite","@id":"https:\/\/automotivo.jfaeletronicos.com\/#website","url":"https:\/\/automotivo.jfaeletronicos.com\/","name":"JFA Automotivo","description":"Pot\u00eancia, design, tecnologia e inova\u00e7\u00e3o","potentialAction":[{"@type":"SearchAction","target":{"@type":"EntryPoint","urlTemplate":"https:\/\/automotivo.jfaeletronicos.com\/?s={search_term_string}"},"query-input":{"@type":"PropertyValueSpecification","valueRequired":true,"valueName":"search_term_string"}}],"inLanguage":"en-US"}]}},"_links":{"self":[{"href":"https:\/\/automotivo.jfaeletronicos.com\/en\/wp-json\/wp\/v2\/product\/3251","targetHints":{"allow":["GET"]}}],"collection":[{"href":"https:\/\/automotivo.jfaeletronicos.com\/en\/wp-json\/wp\/v2\/product"}],"about":[{"href":"https:\/\/automotivo.jfaeletronicos.com\/en\/wp-json\/wp\/v2\/types\/product"}],"wp:featuredmedia":[{"embeddable":true,"href":"https:\/\/automotivo.jfaeletronicos.com\/en\/wp-json\/wp\/v2\/media\/3298"}],"wp:attachment":[{"href":"https:\/\/automotivo.jfaeletronicos.com\/en\/wp-json\/wp\/v2\/media?parent=3251"}],"wp:term":[{"taxonomy":"products_category","embeddable":true,"href":"https:\/\/automotivo.jfaeletronicos.com\/en\/wp-json\/wp\/v2\/products_category?post=3251"}],"curies":[{"name":"wp","href":"https:\/\/api.w.org\/{rel}","templated":true}]}}