{"id":2245,"date":"2021-11-21T11:45:23","date_gmt":"2021-11-21T14:45:23","guid":{"rendered":"https:\/\/automotivo.jfaeletronicos.com\/produtos\/k1200-control\/"},"modified":"2022-08-19T07:50:37","modified_gmt":"2022-08-19T10:50:37","slug":"k1200-control","status":"publish","type":"product","link":"https:\/\/automotivo.jfaeletronicos.com\/en\/produtos\/k1200-control\/","title":{"rendered":"K1200 Control"},"content":{"rendered":"\n<p>The <strong>JFA K1200 Control<\/strong> has the <strong>best open area reach on the market<\/strong>, which makes all the difference during car sound events.<\/p>\n\n\n\n<ul class=\"wp-block-list\"><li>Reach of up to 1,200 meters in an open area;<\/li><li>Highly resistant silicone keys, engraved in low relief;<\/li><li>Design and ergonomics that make it easy to use;<\/li><li>3 color combinations;<\/li><li>Slim panel, with ultra-sensitive receiver.<\/li><\/ul>\n\n\n\n<p>In addition, the <strong>K1200 Control<\/strong> can be con\ufb01gured in two operating modes:<\/p>\n\n\n\n<ul class=\"wp-block-list\"><li><strong>MEMORY MODE:<\/strong> has already registered in its memory the configurations of the main sound and video devices on the market.<\/li><li><strong>LEARN MODE:<\/strong> copies and encodes the functions of the original IR control.<\/li><\/ul>\n","protected":false},"featured_media":4459,"menu_order":3,"template":"","products_category":[42],"class_list":["post-2245","product","type-product","status-publish","has-post-thumbnail","hentry","products_category-remote-controls"],"acf":[],"yoast_head":"<!-- This site is optimized with the Yoast SEO plugin v27.2 - https:\/\/yoast.com\/product\/yoast-seo-wordpress\/ -->\n<title>K1200 Control - JFA Automotivo<\/title>\n<meta name=\"description\" content=\"The JFA K1200 Control has the best open area reach on the market, which makes all the difference during car sound events.\" \/>\n<meta name=\"robots\" content=\"index, follow, max-snippet:-1, max-image-preview:large, max-video-preview:-1\" \/>\n<link rel=\"canonical\" href=\"https:\/\/automotivo.jfaeletronicos.com\/en\/produtos\/k1200-control\/\" \/>\n<meta property=\"og:locale\" content=\"en_US\" \/>\n<meta property=\"og:type\" content=\"article\" \/>\n<meta property=\"og:title\" content=\"K1200 Control - JFA Automotivo\" \/>\n<meta property=\"og:description\" content=\"The JFA K1200 Control has the best open area reach on the market, which makes all the difference during car sound events.\" \/>\n<meta property=\"og:url\" content=\"https:\/\/automotivo.jfaeletronicos.com\/en\/produtos\/k1200-control\/\" \/>\n<meta property=\"og:site_name\" content=\"JFA Automotivo\" \/>\n<meta property=\"article:modified_time\" content=\"2022-08-19T10:50:37+00:00\" \/>\n<meta property=\"og:image\" content=\"https:\/\/images.weserv.nl\/?output=webp&url=https:\/\/automotivo.jfaeletronicos.com\/wp-content\/uploads\/sites\/2\/2022\/08\/jfa-imagem-destaque-produto-controle-k1200.png\" \/>\n\t<meta property=\"og:image:width\" content=\"512\" \/>\n\t<meta property=\"og:image:height\" content=\"512\" \/>\n\t<meta property=\"og:image:type\" content=\"image\/png\" \/>\n<meta name=\"twitter:card\" content=\"summary_large_image\" \/>\n<script type=\"application\/ld+json\" class=\"yoast-schema-graph\">{\"@context\":\"https:\/\/schema.org\",\"@graph\":[{\"@type\":\"WebPage\",\"@id\":\"https:\/\/automotivo.jfaeletronicos.com\/en\/produtos\/k1200-control\/\",\"url\":\"https:\/\/automotivo.jfaeletronicos.com\/en\/produtos\/k1200-control\/\",\"name\":\"K1200 Control - JFA Automotivo\",\"isPartOf\":{\"@id\":\"https:\/\/automotivo.jfaeletronicos.com\/#website\"},\"primaryImageOfPage\":{\"@id\":\"https:\/\/automotivo.jfaeletronicos.com\/en\/produtos\/k1200-control\/#primaryimage\"},\"image\":{\"@id\":\"https:\/\/automotivo.jfaeletronicos.com\/en\/produtos\/k1200-control\/#primaryimage\"},\"thumbnailUrl\":\"https:\/\/automotivo.jfaeletronicos.com\/wp-content\/uploads\/sites\/2\/2021\/06\/JFA-K1200-ROSA.jpeg\",\"datePublished\":\"2021-11-21T14:45:23+00:00\",\"dateModified\":\"2022-08-19T10:50:37+00:00\",\"description\":\"The JFA K1200 Control has the best open area reach on the market, which makes all the difference during car sound events.\",\"breadcrumb\":{\"@id\":\"https:\/\/automotivo.jfaeletronicos.com\/en\/produtos\/k1200-control\/#breadcrumb\"},\"inLanguage\":\"en-US\",\"potentialAction\":[{\"@type\":\"ReadAction\",\"target\":[\"https:\/\/automotivo.jfaeletronicos.com\/en\/produtos\/k1200-control\/\"]}]},{\"@type\":\"ImageObject\",\"inLanguage\":\"en-US\",\"@id\":\"https:\/\/automotivo.jfaeletronicos.com\/en\/produtos\/k1200-control\/#primaryimage\",\"url\":\"https:\/\/automotivo.jfaeletronicos.com\/wp-content\/uploads\/sites\/2\/2021\/06\/JFA-K1200-ROSA.jpeg\",\"contentUrl\":\"https:\/\/automotivo.jfaeletronicos.com\/wp-content\/uploads\/sites\/2\/2021\/06\/JFA-K1200-ROSA.jpeg\",\"width\":1000,\"height\":997},{\"@type\":\"BreadcrumbList\",\"@id\":\"https:\/\/automotivo.jfaeletronicos.com\/en\/produtos\/k1200-control\/#breadcrumb\",\"itemListElement\":[{\"@type\":\"ListItem\",\"position\":1,\"name\":\"In\u00edcio\",\"item\":\"https:\/\/automotivo.jfaeletronicos.com\/en\/\"},{\"@type\":\"ListItem\",\"position\":2,\"name\":\"K1200 Control\"}]},{\"@type\":\"WebSite\",\"@id\":\"https:\/\/automotivo.jfaeletronicos.com\/#website\",\"url\":\"https:\/\/automotivo.jfaeletronicos.com\/\",\"name\":\"JFA Automotivo\",\"description\":\"Pot\u00eancia, design, tecnologia e inova\u00e7\u00e3o\",\"potentialAction\":[{\"@type\":\"SearchAction\",\"target\":{\"@type\":\"EntryPoint\",\"urlTemplate\":\"https:\/\/automotivo.jfaeletronicos.com\/?s={search_term_string}\"},\"query-input\":{\"@type\":\"PropertyValueSpecification\",\"valueRequired\":true,\"valueName\":\"search_term_string\"}}],\"inLanguage\":\"en-US\"}]}<\/script>\n<!-- \/ Yoast SEO plugin. -->","yoast_head_json":{"title":"K1200 Control - JFA Automotivo","description":"The JFA K1200 Control has the best open area reach on the market, which makes all the difference during car sound events.","robots":{"index":"index","follow":"follow","max-snippet":"max-snippet:-1","max-image-preview":"max-image-preview:large","max-video-preview":"max-video-preview:-1"},"canonical":"https:\/\/automotivo.jfaeletronicos.com\/en\/produtos\/k1200-control\/","og_locale":"en_US","og_type":"article","og_title":"K1200 Control - JFA Automotivo","og_description":"The JFA K1200 Control has the best open area reach on the market, which makes all the difference during car sound events.","og_url":"https:\/\/automotivo.jfaeletronicos.com\/en\/produtos\/k1200-control\/","og_site_name":"JFA Automotivo","article_modified_time":"2022-08-19T10:50:37+00:00","og_image":[{"width":512,"height":512,"url":"https:\/\/images.weserv.nl\/?output=webp&url=https:\/\/automotivo.jfaeletronicos.com\/wp-content\/uploads\/sites\/2\/2022\/08\/jfa-imagem-destaque-produto-controle-k1200.png","type":"image\/png"}],"twitter_card":"summary_large_image","schema":{"@context":"https:\/\/schema.org","@graph":[{"@type":"WebPage","@id":"https:\/\/automotivo.jfaeletronicos.com\/en\/produtos\/k1200-control\/","url":"https:\/\/automotivo.jfaeletronicos.com\/en\/produtos\/k1200-control\/","name":"K1200 Control - JFA Automotivo","isPartOf":{"@id":"https:\/\/automotivo.jfaeletronicos.com\/#website"},"primaryImageOfPage":{"@id":"https:\/\/automotivo.jfaeletronicos.com\/en\/produtos\/k1200-control\/#primaryimage"},"image":{"@id":"https:\/\/automotivo.jfaeletronicos.com\/en\/produtos\/k1200-control\/#primaryimage"},"thumbnailUrl":"https:\/\/automotivo.jfaeletronicos.com\/wp-content\/uploads\/sites\/2\/2021\/06\/JFA-K1200-ROSA.jpeg","datePublished":"2021-11-21T14:45:23+00:00","dateModified":"2022-08-19T10:50:37+00:00","description":"The JFA K1200 Control has the best open area reach on the market, which makes all the difference during car sound events.","breadcrumb":{"@id":"https:\/\/automotivo.jfaeletronicos.com\/en\/produtos\/k1200-control\/#breadcrumb"},"inLanguage":"en-US","potentialAction":[{"@type":"ReadAction","target":["https:\/\/automotivo.jfaeletronicos.com\/en\/produtos\/k1200-control\/"]}]},{"@type":"ImageObject","inLanguage":"en-US","@id":"https:\/\/automotivo.jfaeletronicos.com\/en\/produtos\/k1200-control\/#primaryimage","url":"https:\/\/automotivo.jfaeletronicos.com\/wp-content\/uploads\/sites\/2\/2021\/06\/JFA-K1200-ROSA.jpeg","contentUrl":"https:\/\/automotivo.jfaeletronicos.com\/wp-content\/uploads\/sites\/2\/2021\/06\/JFA-K1200-ROSA.jpeg","width":1000,"height":997},{"@type":"BreadcrumbList","@id":"https:\/\/automotivo.jfaeletronicos.com\/en\/produtos\/k1200-control\/#breadcrumb","itemListElement":[{"@type":"ListItem","position":1,"name":"In\u00edcio","item":"https:\/\/automotivo.jfaeletronicos.com\/en\/"},{"@type":"ListItem","position":2,"name":"K1200 Control"}]},{"@type":"WebSite","@id":"https:\/\/automotivo.jfaeletronicos.com\/#website","url":"https:\/\/automotivo.jfaeletronicos.com\/","name":"JFA Automotivo","description":"Pot\u00eancia, design, tecnologia e inova\u00e7\u00e3o","potentialAction":[{"@type":"SearchAction","target":{"@type":"EntryPoint","urlTemplate":"https:\/\/automotivo.jfaeletronicos.com\/?s={search_term_string}"},"query-input":{"@type":"PropertyValueSpecification","valueRequired":true,"valueName":"search_term_string"}}],"inLanguage":"en-US"}]}},"_links":{"self":[{"href":"https:\/\/automotivo.jfaeletronicos.com\/en\/wp-json\/wp\/v2\/product\/2245","targetHints":{"allow":["GET"]}}],"collection":[{"href":"https:\/\/automotivo.jfaeletronicos.com\/en\/wp-json\/wp\/v2\/product"}],"about":[{"href":"https:\/\/automotivo.jfaeletronicos.com\/en\/wp-json\/wp\/v2\/types\/product"}],"wp:featuredmedia":[{"embeddable":true,"href":"https:\/\/automotivo.jfaeletronicos.com\/en\/wp-json\/wp\/v2\/media\/4459"}],"wp:attachment":[{"href":"https:\/\/automotivo.jfaeletronicos.com\/en\/wp-json\/wp\/v2\/media?parent=2245"}],"wp:term":[{"taxonomy":"products_category","embeddable":true,"href":"https:\/\/automotivo.jfaeletronicos.com\/en\/wp-json\/wp\/v2\/products_category?post=2245"}],"curies":[{"name":"wp","href":"https:\/\/api.w.org\/{rel}","templated":true}]}}