{"id":2243,"date":"2021-11-21T11:31:19","date_gmt":"2021-11-21T14:31:19","guid":{"rendered":"https:\/\/automotivo.jfaeletronicos.com\/produtos\/j4-redline-processor\/"},"modified":"2022-08-19T07:51:35","modified_gmt":"2022-08-19T10:51:35","slug":"j4-redline-processor","status":"publish","type":"product","link":"https:\/\/automotivo.jfaeletronicos.com\/en\/produtos\/j4-redline-processor\/","title":{"rendered":"J4 Redline Processor"},"content":{"rendered":"\n<p>The main innovation of the <strong>J4 Redline Processor<\/strong> is the reading of the input and output audio levels on the graphic display, which makes it possible to adjust the amplifier gains. In addition, it simulates the use of an oscilloscope.<\/p>\n\n\n\n<ul class=\"wp-block-list\"><li>Screen update simultaneous with audio variation<\/li><li>Peak storage (hold peaks)<\/li><li>Ease of adjusting the limiter function<\/li><li>Interactive screens<\/li><li>15-band semiparametric master equalizer<\/li><li>Individual parametric equalizer on each path<\/li><li>Oscilloscope function<\/li><li>Voltmeter on the graphic screen<\/li><li>Customizable text<\/li><li>Adjustment of maximum limit of input audio<\/li><li>Input level excess indication<\/li><li>15 Vpp output<\/li><\/ul>\n","protected":false},"featured_media":3306,"menu_order":0,"template":"","products_category":[43],"class_list":["post-2243","product","type-product","status-publish","has-post-thumbnail","hentry","products_category-audio-processors"],"acf":[],"yoast_head":"<!-- This site is optimized with the Yoast SEO plugin v27.2 - https:\/\/yoast.com\/product\/yoast-seo-wordpress\/ -->\n<title>J4 Redline Processor - JFA Automotivo<\/title>\n<meta name=\"description\" content=\"The main innovation of the J4 Redline Processor is the reading of the input and output audio levels on the graphic display\" \/>\n<meta name=\"robots\" content=\"index, follow, max-snippet:-1, max-image-preview:large, max-video-preview:-1\" \/>\n<link rel=\"canonical\" href=\"https:\/\/automotivo.jfaeletronicos.com\/en\/produtos\/j4-redline-processor\/\" \/>\n<meta property=\"og:locale\" content=\"en_US\" \/>\n<meta property=\"og:type\" content=\"article\" \/>\n<meta property=\"og:title\" content=\"J4 Redline Processor - JFA Automotivo\" \/>\n<meta property=\"og:description\" content=\"The main innovation of the J4 Redline Processor is the reading of the input and output audio levels on the graphic display\" \/>\n<meta property=\"og:url\" content=\"https:\/\/automotivo.jfaeletronicos.com\/en\/produtos\/j4-redline-processor\/\" \/>\n<meta property=\"og:site_name\" content=\"JFA Automotivo\" \/>\n<meta property=\"article:modified_time\" content=\"2022-08-19T10:51:35+00:00\" \/>\n<meta property=\"og:image\" content=\"https:\/\/images.weserv.nl\/?output=webp&url=https:\/\/automotivo.jfaeletronicos.com\/wp-content\/uploads\/sites\/2\/2022\/08\/jfa-imagem-destaque-produto-processador-de-audio-j4-redline.png\" \/>\n\t<meta property=\"og:image:width\" content=\"512\" \/>\n\t<meta property=\"og:image:height\" content=\"512\" \/>\n\t<meta property=\"og:image:type\" content=\"image\/png\" \/>\n<meta name=\"twitter:card\" content=\"summary_large_image\" \/>\n<script type=\"application\/ld+json\" class=\"yoast-schema-graph\">{\"@context\":\"https:\/\/schema.org\",\"@graph\":[{\"@type\":\"WebPage\",\"@id\":\"https:\/\/automotivo.jfaeletronicos.com\/en\/produtos\/j4-redline-processor\/\",\"url\":\"https:\/\/automotivo.jfaeletronicos.com\/en\/produtos\/j4-redline-processor\/\",\"name\":\"J4 Redline Processor - JFA Automotivo\",\"isPartOf\":{\"@id\":\"https:\/\/automotivo.jfaeletronicos.com\/#website\"},\"primaryImageOfPage\":{\"@id\":\"https:\/\/automotivo.jfaeletronicos.com\/en\/produtos\/j4-redline-processor\/#primaryimage\"},\"image\":{\"@id\":\"https:\/\/automotivo.jfaeletronicos.com\/en\/produtos\/j4-redline-processor\/#primaryimage\"},\"thumbnailUrl\":\"https:\/\/images.weserv.nl\/?output=webp&url=https:\/\/automotivo.jfaeletronicos.com\/wp-content\/uploads\/sites\/2\/2022\/08\/jfa-imagem-destaque-produto-processador-de-audio-j4-redline.png\",\"datePublished\":\"2021-11-21T14:31:19+00:00\",\"dateModified\":\"2022-08-19T10:51:35+00:00\",\"description\":\"The main innovation of the J4 Redline Processor is the reading of the input and output audio levels on the graphic display\",\"breadcrumb\":{\"@id\":\"https:\/\/automotivo.jfaeletronicos.com\/en\/produtos\/j4-redline-processor\/#breadcrumb\"},\"inLanguage\":\"en-US\",\"potentialAction\":[{\"@type\":\"ReadAction\",\"target\":[\"https:\/\/automotivo.jfaeletronicos.com\/en\/produtos\/j4-redline-processor\/\"]}]},{\"@type\":\"ImageObject\",\"inLanguage\":\"en-US\",\"@id\":\"https:\/\/automotivo.jfaeletronicos.com\/en\/produtos\/j4-redline-processor\/#primaryimage\",\"url\":\"https:\/\/images.weserv.nl\/?output=webp&url=https:\/\/automotivo.jfaeletronicos.com\/wp-content\/uploads\/sites\/2\/2022\/08\/jfa-imagem-destaque-produto-processador-de-audio-j4-redline.png\",\"contentUrl\":\"https:\/\/images.weserv.nl\/?output=webp&url=https:\/\/automotivo.jfaeletronicos.com\/wp-content\/uploads\/sites\/2\/2022\/08\/jfa-imagem-destaque-produto-processador-de-audio-j4-redline.png\",\"width\":512,\"height\":512},{\"@type\":\"BreadcrumbList\",\"@id\":\"https:\/\/automotivo.jfaeletronicos.com\/en\/produtos\/j4-redline-processor\/#breadcrumb\",\"itemListElement\":[{\"@type\":\"ListItem\",\"position\":1,\"name\":\"In\u00edcio\",\"item\":\"https:\/\/automotivo.jfaeletronicos.com\/en\/\"},{\"@type\":\"ListItem\",\"position\":2,\"name\":\"J4 Redline Processor\"}]},{\"@type\":\"WebSite\",\"@id\":\"https:\/\/automotivo.jfaeletronicos.com\/#website\",\"url\":\"https:\/\/automotivo.jfaeletronicos.com\/\",\"name\":\"JFA Automotivo\",\"description\":\"Pot\u00eancia, design, tecnologia e inova\u00e7\u00e3o\",\"potentialAction\":[{\"@type\":\"SearchAction\",\"target\":{\"@type\":\"EntryPoint\",\"urlTemplate\":\"https:\/\/automotivo.jfaeletronicos.com\/?s={search_term_string}\"},\"query-input\":{\"@type\":\"PropertyValueSpecification\",\"valueRequired\":true,\"valueName\":\"search_term_string\"}}],\"inLanguage\":\"en-US\"}]}<\/script>\n<!-- \/ Yoast SEO plugin. -->","yoast_head_json":{"title":"J4 Redline Processor - JFA Automotivo","description":"The main innovation of the J4 Redline Processor is the reading of the input and output audio levels on the graphic display","robots":{"index":"index","follow":"follow","max-snippet":"max-snippet:-1","max-image-preview":"max-image-preview:large","max-video-preview":"max-video-preview:-1"},"canonical":"https:\/\/automotivo.jfaeletronicos.com\/en\/produtos\/j4-redline-processor\/","og_locale":"en_US","og_type":"article","og_title":"J4 Redline Processor - JFA Automotivo","og_description":"The main innovation of the J4 Redline Processor is the reading of the input and output audio levels on the graphic display","og_url":"https:\/\/automotivo.jfaeletronicos.com\/en\/produtos\/j4-redline-processor\/","og_site_name":"JFA Automotivo","article_modified_time":"2022-08-19T10:51:35+00:00","og_image":[{"width":512,"height":512,"url":"https:\/\/images.weserv.nl\/?output=webp&url=https:\/\/automotivo.jfaeletronicos.com\/wp-content\/uploads\/sites\/2\/2022\/08\/jfa-imagem-destaque-produto-processador-de-audio-j4-redline.png","type":"image\/png"}],"twitter_card":"summary_large_image","schema":{"@context":"https:\/\/schema.org","@graph":[{"@type":"WebPage","@id":"https:\/\/automotivo.jfaeletronicos.com\/en\/produtos\/j4-redline-processor\/","url":"https:\/\/automotivo.jfaeletronicos.com\/en\/produtos\/j4-redline-processor\/","name":"J4 Redline Processor - JFA Automotivo","isPartOf":{"@id":"https:\/\/automotivo.jfaeletronicos.com\/#website"},"primaryImageOfPage":{"@id":"https:\/\/automotivo.jfaeletronicos.com\/en\/produtos\/j4-redline-processor\/#primaryimage"},"image":{"@id":"https:\/\/automotivo.jfaeletronicos.com\/en\/produtos\/j4-redline-processor\/#primaryimage"},"thumbnailUrl":"https:\/\/images.weserv.nl\/?output=webp&url=https:\/\/automotivo.jfaeletronicos.com\/wp-content\/uploads\/sites\/2\/2022\/08\/jfa-imagem-destaque-produto-processador-de-audio-j4-redline.png","datePublished":"2021-11-21T14:31:19+00:00","dateModified":"2022-08-19T10:51:35+00:00","description":"The main innovation of the J4 Redline Processor is the reading of the input and output audio levels on the graphic display","breadcrumb":{"@id":"https:\/\/automotivo.jfaeletronicos.com\/en\/produtos\/j4-redline-processor\/#breadcrumb"},"inLanguage":"en-US","potentialAction":[{"@type":"ReadAction","target":["https:\/\/automotivo.jfaeletronicos.com\/en\/produtos\/j4-redline-processor\/"]}]},{"@type":"ImageObject","inLanguage":"en-US","@id":"https:\/\/automotivo.jfaeletronicos.com\/en\/produtos\/j4-redline-processor\/#primaryimage","url":"https:\/\/images.weserv.nl\/?output=webp&url=https:\/\/automotivo.jfaeletronicos.com\/wp-content\/uploads\/sites\/2\/2022\/08\/jfa-imagem-destaque-produto-processador-de-audio-j4-redline.png","contentUrl":"https:\/\/images.weserv.nl\/?output=webp&url=https:\/\/automotivo.jfaeletronicos.com\/wp-content\/uploads\/sites\/2\/2022\/08\/jfa-imagem-destaque-produto-processador-de-audio-j4-redline.png","width":512,"height":512},{"@type":"BreadcrumbList","@id":"https:\/\/automotivo.jfaeletronicos.com\/en\/produtos\/j4-redline-processor\/#breadcrumb","itemListElement":[{"@type":"ListItem","position":1,"name":"In\u00edcio","item":"https:\/\/automotivo.jfaeletronicos.com\/en\/"},{"@type":"ListItem","position":2,"name":"J4 Redline Processor"}]},{"@type":"WebSite","@id":"https:\/\/automotivo.jfaeletronicos.com\/#website","url":"https:\/\/automotivo.jfaeletronicos.com\/","name":"JFA Automotivo","description":"Pot\u00eancia, design, tecnologia e inova\u00e7\u00e3o","potentialAction":[{"@type":"SearchAction","target":{"@type":"EntryPoint","urlTemplate":"https:\/\/automotivo.jfaeletronicos.com\/?s={search_term_string}"},"query-input":{"@type":"PropertyValueSpecification","valueRequired":true,"valueName":"search_term_string"}}],"inLanguage":"en-US"}]}},"_links":{"self":[{"href":"https:\/\/automotivo.jfaeletronicos.com\/en\/wp-json\/wp\/v2\/product\/2243","targetHints":{"allow":["GET"]}}],"collection":[{"href":"https:\/\/automotivo.jfaeletronicos.com\/en\/wp-json\/wp\/v2\/product"}],"about":[{"href":"https:\/\/automotivo.jfaeletronicos.com\/en\/wp-json\/wp\/v2\/types\/product"}],"wp:featuredmedia":[{"embeddable":true,"href":"https:\/\/automotivo.jfaeletronicos.com\/en\/wp-json\/wp\/v2\/media\/3306"}],"wp:attachment":[{"href":"https:\/\/automotivo.jfaeletronicos.com\/en\/wp-json\/wp\/v2\/media?parent=2243"}],"wp:term":[{"taxonomy":"products_category","embeddable":true,"href":"https:\/\/automotivo.jfaeletronicos.com\/en\/wp-json\/wp\/v2\/products_category?post=2243"}],"curies":[{"name":"wp","href":"https:\/\/api.w.org\/{rel}","templated":true}]}}