{"id":2241,"date":"2021-11-21T11:26:21","date_gmt":"2021-11-21T14:26:21","guid":{"rendered":"https:\/\/automotivo.jfaeletronicos.com\/produtos\/vs5hi-voltmeter-and-sequencer\/"},"modified":"2022-08-19T07:53:01","modified_gmt":"2022-08-19T10:53:01","slug":"vs5hi-voltmeter-and-sequencer","status":"publish","type":"product","link":"https:\/\/automotivo.jfaeletronicos.com\/en\/produtos\/vs5hi-voltmeter-and-sequencer\/","title":{"rendered":"VS5HI Voltmeter and Sequencer"},"content":{"rendered":"\n<p>The <strong>VS5HI Voltmeter and Sequencer<\/strong> stands out for performing 3 major functions in a single device:<\/p>\n\n\n\n<ul class=\"wp-block-list\"><li>High voltage voltmeter;<\/li><li>Low voltage voltmeter;<\/li><li>Remote command sequencer.<\/li><\/ul>\n\n\n\n<p>O <strong>Volt\u00edmetro e Sequenciador VS5H<\/strong> da JFA foi desenvolvido com tecnologia de ponta e design arrojado, al\u00e9m de possuir prote\u00e7\u00e3o contra baixa tens\u00e3o, desativando a sa\u00edda remota se o sistema atingir uma tens\u00e3o menor do que 9,5 volts.<\/p>\n","protected":false},"featured_media":3308,"menu_order":0,"template":"","products_category":[44],"class_list":["post-2241","product","type-product","status-publish","has-post-thumbnail","hentry","products_category-voltmeters-and-sequencers"],"acf":[],"yoast_head":"<!-- This site is optimized with the Yoast SEO plugin v27.4 - https:\/\/yoast.com\/product\/yoast-seo-wordpress\/ -->\n<title>VS5HI Voltmeter and Sequencer - JFA Automotivo<\/title>\n<meta name=\"description\" content=\"The VS5HI Voltmeter and Sequencer stands out for performing 3 major functions in a single device: High voltage voltmeter;\" \/>\n<meta name=\"robots\" content=\"index, follow, max-snippet:-1, max-image-preview:large, max-video-preview:-1\" \/>\n<link rel=\"canonical\" href=\"https:\/\/automotivo.jfaeletronicos.com\/en\/produtos\/vs5hi-voltmeter-and-sequencer\/\" \/>\n<meta property=\"og:locale\" content=\"en_US\" \/>\n<meta property=\"og:type\" content=\"article\" \/>\n<meta property=\"og:title\" content=\"VS5HI Voltmeter and Sequencer - JFA Automotivo\" \/>\n<meta property=\"og:description\" content=\"The VS5HI Voltmeter and Sequencer stands out for performing 3 major functions in a single device: High voltage voltmeter;\" \/>\n<meta property=\"og:url\" content=\"https:\/\/automotivo.jfaeletronicos.com\/en\/produtos\/vs5hi-voltmeter-and-sequencer\/\" \/>\n<meta property=\"og:site_name\" content=\"JFA Automotivo\" \/>\n<meta property=\"article:modified_time\" content=\"2022-08-19T10:53:01+00:00\" \/>\n<meta property=\"og:image\" content=\"https:\/\/images.weserv.nl\/?output=webp&url=https:\/\/automotivo.jfaeletronicos.com\/wp-content\/uploads\/sites\/2\/2022\/08\/jfa-imagem-destaque-produto-voltimetro-e-sequenciador-vs5hi.png\" \/>\n\t<meta property=\"og:image:width\" content=\"512\" \/>\n\t<meta property=\"og:image:height\" content=\"512\" \/>\n\t<meta property=\"og:image:type\" content=\"image\/png\" \/>\n<meta name=\"twitter:card\" content=\"summary_large_image\" \/>\n<script type=\"application\/ld+json\" class=\"yoast-schema-graph\">{\"@context\":\"https:\\\/\\\/schema.org\",\"@graph\":[{\"@type\":\"WebPage\",\"@id\":\"https:\\\/\\\/automotivo.jfaeletronicos.com\\\/en\\\/produtos\\\/vs5hi-voltmeter-and-sequencer\\\/\",\"url\":\"https:\\\/\\\/automotivo.jfaeletronicos.com\\\/en\\\/produtos\\\/vs5hi-voltmeter-and-sequencer\\\/\",\"name\":\"VS5HI Voltmeter and Sequencer - JFA Automotivo\",\"isPartOf\":{\"@id\":\"https:\\\/\\\/automotivo.jfaeletronicos.com\\\/#website\"},\"primaryImageOfPage\":{\"@id\":\"https:\\\/\\\/automotivo.jfaeletronicos.com\\\/en\\\/produtos\\\/vs5hi-voltmeter-and-sequencer\\\/#primaryimage\"},\"image\":{\"@id\":\"https:\\\/\\\/automotivo.jfaeletronicos.com\\\/en\\\/produtos\\\/vs5hi-voltmeter-and-sequencer\\\/#primaryimage\"},\"thumbnailUrl\":\"https:\\\/\\\/images.weserv.nl\\\/?output=webp&url=https:\\\/\\\/automotivo.jfaeletronicos.com\\\/wp-content\\\/uploads\\\/sites\\\/2\\\/2022\\\/08\\\/jfa-imagem-destaque-produto-voltimetro-e-sequenciador-vs5hi.png\",\"datePublished\":\"2021-11-21T14:26:21+00:00\",\"dateModified\":\"2022-08-19T10:53:01+00:00\",\"description\":\"The VS5HI Voltmeter and Sequencer stands out for performing 3 major functions in a single device: High voltage voltmeter;\",\"breadcrumb\":{\"@id\":\"https:\\\/\\\/automotivo.jfaeletronicos.com\\\/en\\\/produtos\\\/vs5hi-voltmeter-and-sequencer\\\/#breadcrumb\"},\"inLanguage\":\"en-US\",\"potentialAction\":[{\"@type\":\"ReadAction\",\"target\":[\"https:\\\/\\\/automotivo.jfaeletronicos.com\\\/en\\\/produtos\\\/vs5hi-voltmeter-and-sequencer\\\/\"]}]},{\"@type\":\"ImageObject\",\"inLanguage\":\"en-US\",\"@id\":\"https:\\\/\\\/automotivo.jfaeletronicos.com\\\/en\\\/produtos\\\/vs5hi-voltmeter-and-sequencer\\\/#primaryimage\",\"url\":\"https:\\\/\\\/images.weserv.nl\\\/?output=webp&url=https:\\\/\\\/automotivo.jfaeletronicos.com\\\/wp-content\\\/uploads\\\/sites\\\/2\\\/2022\\\/08\\\/jfa-imagem-destaque-produto-voltimetro-e-sequenciador-vs5hi.png\",\"contentUrl\":\"https:\\\/\\\/images.weserv.nl\\\/?output=webp&url=https:\\\/\\\/automotivo.jfaeletronicos.com\\\/wp-content\\\/uploads\\\/sites\\\/2\\\/2022\\\/08\\\/jfa-imagem-destaque-produto-voltimetro-e-sequenciador-vs5hi.png\",\"width\":512,\"height\":512},{\"@type\":\"BreadcrumbList\",\"@id\":\"https:\\\/\\\/automotivo.jfaeletronicos.com\\\/en\\\/produtos\\\/vs5hi-voltmeter-and-sequencer\\\/#breadcrumb\",\"itemListElement\":[{\"@type\":\"ListItem\",\"position\":1,\"name\":\"In\u00edcio\",\"item\":\"https:\\\/\\\/automotivo.jfaeletronicos.com\\\/en\\\/\"},{\"@type\":\"ListItem\",\"position\":2,\"name\":\"VS5HI Voltmeter and Sequencer\"}]},{\"@type\":\"WebSite\",\"@id\":\"https:\\\/\\\/automotivo.jfaeletronicos.com\\\/#website\",\"url\":\"https:\\\/\\\/automotivo.jfaeletronicos.com\\\/\",\"name\":\"JFA Automotivo\",\"description\":\"Pot\u00eancia, design, tecnologia e inova\u00e7\u00e3o\",\"potentialAction\":[{\"@type\":\"SearchAction\",\"target\":{\"@type\":\"EntryPoint\",\"urlTemplate\":\"https:\\\/\\\/automotivo.jfaeletronicos.com\\\/?s={search_term_string}\"},\"query-input\":{\"@type\":\"PropertyValueSpecification\",\"valueRequired\":true,\"valueName\":\"search_term_string\"}}],\"inLanguage\":\"en-US\"}]}<\/script>\n<!-- \/ Yoast SEO plugin. -->","yoast_head_json":{"title":"VS5HI Voltmeter and Sequencer - JFA Automotivo","description":"The VS5HI Voltmeter and Sequencer stands out for performing 3 major functions in a single device: High voltage voltmeter;","robots":{"index":"index","follow":"follow","max-snippet":"max-snippet:-1","max-image-preview":"max-image-preview:large","max-video-preview":"max-video-preview:-1"},"canonical":"https:\/\/automotivo.jfaeletronicos.com\/en\/produtos\/vs5hi-voltmeter-and-sequencer\/","og_locale":"en_US","og_type":"article","og_title":"VS5HI Voltmeter and Sequencer - JFA Automotivo","og_description":"The VS5HI Voltmeter and Sequencer stands out for performing 3 major functions in a single device: High voltage voltmeter;","og_url":"https:\/\/automotivo.jfaeletronicos.com\/en\/produtos\/vs5hi-voltmeter-and-sequencer\/","og_site_name":"JFA Automotivo","article_modified_time":"2022-08-19T10:53:01+00:00","og_image":[{"width":512,"height":512,"url":"https:\/\/images.weserv.nl\/?output=webp&url=https:\/\/automotivo.jfaeletronicos.com\/wp-content\/uploads\/sites\/2\/2022\/08\/jfa-imagem-destaque-produto-voltimetro-e-sequenciador-vs5hi.png","type":"image\/png"}],"twitter_card":"summary_large_image","schema":{"@context":"https:\/\/schema.org","@graph":[{"@type":"WebPage","@id":"https:\/\/automotivo.jfaeletronicos.com\/en\/produtos\/vs5hi-voltmeter-and-sequencer\/","url":"https:\/\/automotivo.jfaeletronicos.com\/en\/produtos\/vs5hi-voltmeter-and-sequencer\/","name":"VS5HI Voltmeter and Sequencer - JFA Automotivo","isPartOf":{"@id":"https:\/\/automotivo.jfaeletronicos.com\/#website"},"primaryImageOfPage":{"@id":"https:\/\/automotivo.jfaeletronicos.com\/en\/produtos\/vs5hi-voltmeter-and-sequencer\/#primaryimage"},"image":{"@id":"https:\/\/automotivo.jfaeletronicos.com\/en\/produtos\/vs5hi-voltmeter-and-sequencer\/#primaryimage"},"thumbnailUrl":"https:\/\/images.weserv.nl\/?output=webp&url=https:\/\/automotivo.jfaeletronicos.com\/wp-content\/uploads\/sites\/2\/2022\/08\/jfa-imagem-destaque-produto-voltimetro-e-sequenciador-vs5hi.png","datePublished":"2021-11-21T14:26:21+00:00","dateModified":"2022-08-19T10:53:01+00:00","description":"The VS5HI Voltmeter and Sequencer stands out for performing 3 major functions in a single device: High voltage voltmeter;","breadcrumb":{"@id":"https:\/\/automotivo.jfaeletronicos.com\/en\/produtos\/vs5hi-voltmeter-and-sequencer\/#breadcrumb"},"inLanguage":"en-US","potentialAction":[{"@type":"ReadAction","target":["https:\/\/automotivo.jfaeletronicos.com\/en\/produtos\/vs5hi-voltmeter-and-sequencer\/"]}]},{"@type":"ImageObject","inLanguage":"en-US","@id":"https:\/\/automotivo.jfaeletronicos.com\/en\/produtos\/vs5hi-voltmeter-and-sequencer\/#primaryimage","url":"https:\/\/images.weserv.nl\/?output=webp&url=https:\/\/automotivo.jfaeletronicos.com\/wp-content\/uploads\/sites\/2\/2022\/08\/jfa-imagem-destaque-produto-voltimetro-e-sequenciador-vs5hi.png","contentUrl":"https:\/\/images.weserv.nl\/?output=webp&url=https:\/\/automotivo.jfaeletronicos.com\/wp-content\/uploads\/sites\/2\/2022\/08\/jfa-imagem-destaque-produto-voltimetro-e-sequenciador-vs5hi.png","width":512,"height":512},{"@type":"BreadcrumbList","@id":"https:\/\/automotivo.jfaeletronicos.com\/en\/produtos\/vs5hi-voltmeter-and-sequencer\/#breadcrumb","itemListElement":[{"@type":"ListItem","position":1,"name":"In\u00edcio","item":"https:\/\/automotivo.jfaeletronicos.com\/en\/"},{"@type":"ListItem","position":2,"name":"VS5HI Voltmeter and Sequencer"}]},{"@type":"WebSite","@id":"https:\/\/automotivo.jfaeletronicos.com\/#website","url":"https:\/\/automotivo.jfaeletronicos.com\/","name":"JFA Automotivo","description":"Pot\u00eancia, design, tecnologia e inova\u00e7\u00e3o","potentialAction":[{"@type":"SearchAction","target":{"@type":"EntryPoint","urlTemplate":"https:\/\/automotivo.jfaeletronicos.com\/?s={search_term_string}"},"query-input":{"@type":"PropertyValueSpecification","valueRequired":true,"valueName":"search_term_string"}}],"inLanguage":"en-US"}]}},"_links":{"self":[{"href":"https:\/\/automotivo.jfaeletronicos.com\/en\/wp-json\/wp\/v2\/product\/2241","targetHints":{"allow":["GET"]}}],"collection":[{"href":"https:\/\/automotivo.jfaeletronicos.com\/en\/wp-json\/wp\/v2\/product"}],"about":[{"href":"https:\/\/automotivo.jfaeletronicos.com\/en\/wp-json\/wp\/v2\/types\/product"}],"wp:featuredmedia":[{"embeddable":true,"href":"https:\/\/automotivo.jfaeletronicos.com\/en\/wp-json\/wp\/v2\/media\/3308"}],"wp:attachment":[{"href":"https:\/\/automotivo.jfaeletronicos.com\/en\/wp-json\/wp\/v2\/media?parent=2241"}],"wp:term":[{"taxonomy":"products_category","embeddable":true,"href":"https:\/\/automotivo.jfaeletronicos.com\/en\/wp-json\/wp\/v2\/products_category?post=2241"}],"curies":[{"name":"wp","href":"https:\/\/api.w.org\/{rel}","templated":true}]}}