{"id":2239,"date":"2021-11-21T11:12:37","date_gmt":"2021-11-21T14:12:37","guid":{"rendered":"https:\/\/automotivo.jfaeletronicos.com\/produtos\/slim-active-noise-control-converter\/"},"modified":"2022-08-19T07:54:01","modified_gmt":"2022-08-19T10:54:01","slug":"slim-active-noise-control-converter","status":"publish","type":"product","link":"https:\/\/automotivo.jfaeletronicos.com\/en\/produtos\/slim-active-noise-control-converter\/","title":{"rendered":"RCA Remote Slim Converter"},"content":{"rendered":"\n<p>The <strong>RCA Remote Slim Converter<\/strong> transforms the speaker output of the original player of the sound system in RCA output, adapting the audio level. It also has remote control output, useful resource for factory players that do not have this system.<\/p>\n\n\n\n<p>The <strong>JFA<\/strong> <strong>RCA Remote Slim Converter<\/strong> features:<\/p>\n\n\n\n<ul class=\"wp-block-list\"><li>Converter from high signal level (speaker) to RCA signal level;<\/li><li>Remote command output to drive the amplifiers;<\/li><li>Protection against current excess and short circuit with earth wire.<\/li><\/ul>\n","protected":false},"featured_media":3292,"menu_order":0,"template":"","products_category":[46],"class_list":["post-2239","product","type-product","status-publish","has-post-thumbnail","hentry","products_category-converters"],"acf":[],"yoast_head":"<!-- This site is optimized with the Yoast SEO plugin v27.2 - https:\/\/yoast.com\/product\/yoast-seo-wordpress\/ -->\n<title>RCA Remote Slim Converter - JFA Automotivo<\/title>\n<meta name=\"description\" content=\"The RCA Remote Slim Converter transforms the speaker output of the original player of the sound system in RCA output, adapting the audio level.\" \/>\n<meta name=\"robots\" content=\"index, follow, max-snippet:-1, max-image-preview:large, max-video-preview:-1\" \/>\n<link rel=\"canonical\" href=\"https:\/\/automotivo.jfaeletronicos.com\/en\/produtos\/slim-active-noise-control-converter\/\" \/>\n<meta property=\"og:locale\" content=\"en_US\" \/>\n<meta property=\"og:type\" content=\"article\" \/>\n<meta property=\"og:title\" content=\"RCA Remote Slim Converter - JFA Automotivo\" \/>\n<meta property=\"og:description\" content=\"The RCA Remote Slim Converter transforms the speaker output of the original player of the sound system in RCA output, adapting the audio level.\" \/>\n<meta property=\"og:url\" content=\"https:\/\/automotivo.jfaeletronicos.com\/en\/produtos\/slim-active-noise-control-converter\/\" \/>\n<meta property=\"og:site_name\" content=\"JFA Automotivo\" \/>\n<meta property=\"article:modified_time\" content=\"2022-08-19T10:54:01+00:00\" \/>\n<meta property=\"og:image\" content=\"https:\/\/images.weserv.nl\/?output=webp&url=https:\/\/automotivo.jfaeletronicos.com\/wp-content\/uploads\/sites\/2\/2022\/08\/jfa-imagem-destaque-produto-conversor-rca.png\" \/>\n\t<meta property=\"og:image:width\" content=\"512\" \/>\n\t<meta property=\"og:image:height\" content=\"512\" \/>\n\t<meta property=\"og:image:type\" content=\"image\/png\" \/>\n<meta name=\"twitter:card\" content=\"summary_large_image\" \/>\n<script type=\"application\/ld+json\" class=\"yoast-schema-graph\">{\"@context\":\"https:\/\/schema.org\",\"@graph\":[{\"@type\":\"WebPage\",\"@id\":\"https:\/\/automotivo.jfaeletronicos.com\/en\/produtos\/slim-active-noise-control-converter\/\",\"url\":\"https:\/\/automotivo.jfaeletronicos.com\/en\/produtos\/slim-active-noise-control-converter\/\",\"name\":\"RCA Remote Slim Converter - JFA Automotivo\",\"isPartOf\":{\"@id\":\"https:\/\/automotivo.jfaeletronicos.com\/#website\"},\"primaryImageOfPage\":{\"@id\":\"https:\/\/automotivo.jfaeletronicos.com\/en\/produtos\/slim-active-noise-control-converter\/#primaryimage\"},\"image\":{\"@id\":\"https:\/\/automotivo.jfaeletronicos.com\/en\/produtos\/slim-active-noise-control-converter\/#primaryimage\"},\"thumbnailUrl\":\"https:\/\/images.weserv.nl\/?output=webp&url=https:\/\/automotivo.jfaeletronicos.com\/wp-content\/uploads\/sites\/2\/2022\/08\/jfa-imagem-destaque-produto-conversor-rca.png\",\"datePublished\":\"2021-11-21T14:12:37+00:00\",\"dateModified\":\"2022-08-19T10:54:01+00:00\",\"description\":\"The RCA Remote Slim Converter transforms the speaker output of the original player of the sound system in RCA output, adapting the audio level.\",\"breadcrumb\":{\"@id\":\"https:\/\/automotivo.jfaeletronicos.com\/en\/produtos\/slim-active-noise-control-converter\/#breadcrumb\"},\"inLanguage\":\"en-US\",\"potentialAction\":[{\"@type\":\"ReadAction\",\"target\":[\"https:\/\/automotivo.jfaeletronicos.com\/en\/produtos\/slim-active-noise-control-converter\/\"]}]},{\"@type\":\"ImageObject\",\"inLanguage\":\"en-US\",\"@id\":\"https:\/\/automotivo.jfaeletronicos.com\/en\/produtos\/slim-active-noise-control-converter\/#primaryimage\",\"url\":\"https:\/\/images.weserv.nl\/?output=webp&url=https:\/\/automotivo.jfaeletronicos.com\/wp-content\/uploads\/sites\/2\/2022\/08\/jfa-imagem-destaque-produto-conversor-rca.png\",\"contentUrl\":\"https:\/\/images.weserv.nl\/?output=webp&url=https:\/\/automotivo.jfaeletronicos.com\/wp-content\/uploads\/sites\/2\/2022\/08\/jfa-imagem-destaque-produto-conversor-rca.png\",\"width\":512,\"height\":512},{\"@type\":\"BreadcrumbList\",\"@id\":\"https:\/\/automotivo.jfaeletronicos.com\/en\/produtos\/slim-active-noise-control-converter\/#breadcrumb\",\"itemListElement\":[{\"@type\":\"ListItem\",\"position\":1,\"name\":\"In\u00edcio\",\"item\":\"https:\/\/automotivo.jfaeletronicos.com\/en\/\"},{\"@type\":\"ListItem\",\"position\":2,\"name\":\"RCA Remote Slim Converter\"}]},{\"@type\":\"WebSite\",\"@id\":\"https:\/\/automotivo.jfaeletronicos.com\/#website\",\"url\":\"https:\/\/automotivo.jfaeletronicos.com\/\",\"name\":\"JFA Automotivo\",\"description\":\"Pot\u00eancia, design, tecnologia e inova\u00e7\u00e3o\",\"potentialAction\":[{\"@type\":\"SearchAction\",\"target\":{\"@type\":\"EntryPoint\",\"urlTemplate\":\"https:\/\/automotivo.jfaeletronicos.com\/?s={search_term_string}\"},\"query-input\":{\"@type\":\"PropertyValueSpecification\",\"valueRequired\":true,\"valueName\":\"search_term_string\"}}],\"inLanguage\":\"en-US\"}]}<\/script>\n<!-- \/ Yoast SEO plugin. -->","yoast_head_json":{"title":"RCA Remote Slim Converter - JFA Automotivo","description":"The RCA Remote Slim Converter transforms the speaker output of the original player of the sound system in RCA output, adapting the audio level.","robots":{"index":"index","follow":"follow","max-snippet":"max-snippet:-1","max-image-preview":"max-image-preview:large","max-video-preview":"max-video-preview:-1"},"canonical":"https:\/\/automotivo.jfaeletronicos.com\/en\/produtos\/slim-active-noise-control-converter\/","og_locale":"en_US","og_type":"article","og_title":"RCA Remote Slim Converter - JFA Automotivo","og_description":"The RCA Remote Slim Converter transforms the speaker output of the original player of the sound system in RCA output, adapting the audio level.","og_url":"https:\/\/automotivo.jfaeletronicos.com\/en\/produtos\/slim-active-noise-control-converter\/","og_site_name":"JFA Automotivo","article_modified_time":"2022-08-19T10:54:01+00:00","og_image":[{"width":512,"height":512,"url":"https:\/\/images.weserv.nl\/?output=webp&url=https:\/\/automotivo.jfaeletronicos.com\/wp-content\/uploads\/sites\/2\/2022\/08\/jfa-imagem-destaque-produto-conversor-rca.png","type":"image\/png"}],"twitter_card":"summary_large_image","schema":{"@context":"https:\/\/schema.org","@graph":[{"@type":"WebPage","@id":"https:\/\/automotivo.jfaeletronicos.com\/en\/produtos\/slim-active-noise-control-converter\/","url":"https:\/\/automotivo.jfaeletronicos.com\/en\/produtos\/slim-active-noise-control-converter\/","name":"RCA Remote Slim Converter - JFA Automotivo","isPartOf":{"@id":"https:\/\/automotivo.jfaeletronicos.com\/#website"},"primaryImageOfPage":{"@id":"https:\/\/automotivo.jfaeletronicos.com\/en\/produtos\/slim-active-noise-control-converter\/#primaryimage"},"image":{"@id":"https:\/\/automotivo.jfaeletronicos.com\/en\/produtos\/slim-active-noise-control-converter\/#primaryimage"},"thumbnailUrl":"https:\/\/images.weserv.nl\/?output=webp&url=https:\/\/automotivo.jfaeletronicos.com\/wp-content\/uploads\/sites\/2\/2022\/08\/jfa-imagem-destaque-produto-conversor-rca.png","datePublished":"2021-11-21T14:12:37+00:00","dateModified":"2022-08-19T10:54:01+00:00","description":"The RCA Remote Slim Converter transforms the speaker output of the original player of the sound system in RCA output, adapting the audio level.","breadcrumb":{"@id":"https:\/\/automotivo.jfaeletronicos.com\/en\/produtos\/slim-active-noise-control-converter\/#breadcrumb"},"inLanguage":"en-US","potentialAction":[{"@type":"ReadAction","target":["https:\/\/automotivo.jfaeletronicos.com\/en\/produtos\/slim-active-noise-control-converter\/"]}]},{"@type":"ImageObject","inLanguage":"en-US","@id":"https:\/\/automotivo.jfaeletronicos.com\/en\/produtos\/slim-active-noise-control-converter\/#primaryimage","url":"https:\/\/images.weserv.nl\/?output=webp&url=https:\/\/automotivo.jfaeletronicos.com\/wp-content\/uploads\/sites\/2\/2022\/08\/jfa-imagem-destaque-produto-conversor-rca.png","contentUrl":"https:\/\/images.weserv.nl\/?output=webp&url=https:\/\/automotivo.jfaeletronicos.com\/wp-content\/uploads\/sites\/2\/2022\/08\/jfa-imagem-destaque-produto-conversor-rca.png","width":512,"height":512},{"@type":"BreadcrumbList","@id":"https:\/\/automotivo.jfaeletronicos.com\/en\/produtos\/slim-active-noise-control-converter\/#breadcrumb","itemListElement":[{"@type":"ListItem","position":1,"name":"In\u00edcio","item":"https:\/\/automotivo.jfaeletronicos.com\/en\/"},{"@type":"ListItem","position":2,"name":"RCA Remote Slim Converter"}]},{"@type":"WebSite","@id":"https:\/\/automotivo.jfaeletronicos.com\/#website","url":"https:\/\/automotivo.jfaeletronicos.com\/","name":"JFA Automotivo","description":"Pot\u00eancia, design, tecnologia e inova\u00e7\u00e3o","potentialAction":[{"@type":"SearchAction","target":{"@type":"EntryPoint","urlTemplate":"https:\/\/automotivo.jfaeletronicos.com\/?s={search_term_string}"},"query-input":{"@type":"PropertyValueSpecification","valueRequired":true,"valueName":"search_term_string"}}],"inLanguage":"en-US"}]}},"_links":{"self":[{"href":"https:\/\/automotivo.jfaeletronicos.com\/en\/wp-json\/wp\/v2\/product\/2239","targetHints":{"allow":["GET"]}}],"collection":[{"href":"https:\/\/automotivo.jfaeletronicos.com\/en\/wp-json\/wp\/v2\/product"}],"about":[{"href":"https:\/\/automotivo.jfaeletronicos.com\/en\/wp-json\/wp\/v2\/types\/product"}],"wp:featuredmedia":[{"embeddable":true,"href":"https:\/\/automotivo.jfaeletronicos.com\/en\/wp-json\/wp\/v2\/media\/3292"}],"wp:attachment":[{"href":"https:\/\/automotivo.jfaeletronicos.com\/en\/wp-json\/wp\/v2\/media?parent=2239"}],"wp:term":[{"taxonomy":"products_category","embeddable":true,"href":"https:\/\/automotivo.jfaeletronicos.com\/en\/wp-json\/wp\/v2\/products_category?post=2239"}],"curies":[{"name":"wp","href":"https:\/\/api.w.org\/{rel}","templated":true}]}}