{"id":2208,"date":"2021-11-18T17:59:23","date_gmt":"2021-11-18T20:59:23","guid":{"rendered":"https:\/\/automotivo.jfaeletronicos.com\/general-terms-and-conditions-of-use-og-the-jfas-website-blog-and-newsletter\/"},"modified":"2021-11-18T17:59:43","modified_gmt":"2021-11-18T20:59:43","slug":"general-terms","status":"publish","type":"page","link":"https:\/\/automotivo.jfaeletronicos.com\/en\/general-terms\/","title":{"rendered":"General terms and conditions of use og the JFA&#8217;s WEBSITE, BLOG AND NEWSLETTER"},"content":{"rendered":"\n<p><\/p>\n\n<p>JFA&#8217;s SITE, BLOG AND NEWSLETTER <strong>services<\/strong> are provided by the legal entity with the following Corporate Name: JFA ELETR\u00d4NICOS IND\u00daSTRIA E COM\u00c9RCIO EIRELI, with trade name JFA ELETR\u00d4NICOS, registered with the CNPJ under No. 06.164.639\/0001-99, holder of the intellectual property on software, website, applications, content and other assets related to the website and blog.<\/p>\n\n<p>1 &#8211;<strong> <\/strong>These Terms of Use regulate your relationship with JFA Eletr\u00f4nicos when you use the JFA <strong>SITE, BLOG AND NEWSLETTER<\/strong> website, and detail in what circumstances and for what purposes we use your information when you interact with the platform. These Terms do not apply to any third parties, including social media such as Facebook, Instagram and YouTube, even if you use such media to connect with us, and you should always be aware of the terms and policies applicable to any third-party websites or platforms that you use visit.<\/p>\n\n<p>2 &#8211; The Site is provided for informational purposes and presentation of materials and services related to the company. <strong>JFA&#8217;S SITE, BLOG AND NEWSLETTER<\/strong> is not a platform for selling services, and you will not be able to purchase products and services through the Site\/blog.<\/p>\n\n<p>3 &#8211; The information and texts provided on the <strong>JFA WEBSITE, BLOG AND NEWSLETTER<\/strong> are produced by members of JFA Eletr\u00f4nicos or obtained from sources believed to be reliable. The information and content of external links indicated on this site are not JFA Electronics&#8217; responsibility. The features offered on the <strong>JFA WEBSITE, BLOG AND NEWSLETTER<\/strong> do not guarantee the quality, authenticity or integrity of the information provided. Therefore, you must check the veracity of the information obtained on the <strong>JFA WEBSITE, BLOG AND NEWSLETTER<\/strong> and take all necessary measures to protect yourself from harm.<\/p>\n\n<p>4 \u2013 JFA Electronics reserves the right to improve, correct and update the information provided on the website. JFA Eletr\u00f4nicos is exempt, to the fullest extent permitted by applicable law, for any damages resulting from the use of the <strong>JFA SITE, BLOG AND NEWSLETTER<\/strong>, equipment failure, connection, data transmission, errors, interruptions, delay in its operation, viruses of computers, failures in the telecommunications system or in the connection provider, as well as possible incompatibility between the <strong>SITE, BLOG AND NEWSLETTER<\/strong> of JFA and its files or your browser.<\/p>\n\n<p>5 \u2013 You agree to use the <strong>JFA SITE, BLOG AND NEWSLETTER<\/strong> in good faith and respecting the purpose of the content made available. You may not use the <strong>JFA WEBSITE, BLOG AND NEWSLETTER<\/strong> in any way that could impair its operation, including, but not limited to, attempts to introduce malicious code, denial of service attacks, or abuse of any defect or error on the <strong>WEBSITE , JFA BLOG AND NEWSLETTER<\/strong>.<\/p>\n\n<p>6 \u2013 All content available on JFA&#8217;s <strong>SITE, BLOG AND NEWSLETTER<\/strong> is the sole and exclusive ownership of JFA Eletr\u00f4nicos or has been duly licensed for dissemination on the platform. These Terms do not grant any license or assignment of intellectual property rights and you are not authorized to reproduce any part of the Site\/Blog or its content, under penalty of sanctions provided for in applicable law.<\/p>\n\n<p>7 \u2013 We can update these Terms at any time. When we do, we will include a notice at the top of this page and, if the changes are material, on the home page of the <strong>JFA WEBSITE, BLOG AND NEWSLETTER<\/strong>.<\/p>\n\n<p>8 \u2013 For the settlement of disputes arising from this instrument, Brazilian Law will be fully applied. Any disputes must be filed in the court in which the company&#8217;s headquarters are located.<\/p>\n","protected":false},"excerpt":{"rendered":"<p>JFA&#8217;s SITE, BLOG AND NEWSLETTER services are provided by the legal entity with the following Corporate Name: JFA ELETR\u00d4NICOS IND\u00daSTRIA E COM\u00c9RCIO EIRELI, with trade name JFA ELETR\u00d4NICOS, registered with the CNPJ under No. 06.164.639\/0001-99, holder of the intellectual property on software, website, applications, content and other assets related to the website and blog. 1 [&hellip;]<\/p>\n","protected":false},"author":1,"featured_media":0,"parent":0,"menu_order":13,"comment_status":"closed","ping_status":"closed","template":"","meta":{"_acf_changed":false,"footnotes":""},"class_list":["post-2208","page","type-page","status-publish","hentry"],"acf":[],"yoast_head":"<!-- This site is optimized with the Yoast SEO plugin v27.2 - https:\/\/yoast.com\/product\/yoast-seo-wordpress\/ -->\n<title>General terms and conditions of use og the JFA&#039;s WEBSITE, BLOG AND NEWSLETTER - JFA Automotivo<\/title>\n<meta name=\"robots\" content=\"index, follow, max-snippet:-1, max-image-preview:large, max-video-preview:-1\" \/>\n<link rel=\"canonical\" href=\"https:\/\/automotivo.jfaeletronicos.com\/en\/general-terms\/\" \/>\n<meta property=\"og:locale\" content=\"en_US\" \/>\n<meta property=\"og:type\" content=\"article\" \/>\n<meta property=\"og:title\" content=\"General terms and conditions of use og the JFA&#039;s WEBSITE, BLOG AND NEWSLETTER - JFA Automotivo\" \/>\n<meta property=\"og:description\" content=\"JFA&#8217;s SITE, BLOG AND NEWSLETTER services are provided by the legal entity with the following Corporate Name: JFA ELETR\u00d4NICOS IND\u00daSTRIA E COM\u00c9RCIO EIRELI, with trade name JFA ELETR\u00d4NICOS, registered with the CNPJ under No. 06.164.639\/0001-99, holder of the intellectual property on software, website, applications, content and other assets related to the website and blog. 1 [&hellip;]\" \/>\n<meta property=\"og:url\" content=\"https:\/\/automotivo.jfaeletronicos.com\/en\/general-terms\/\" \/>\n<meta property=\"og:site_name\" content=\"JFA Automotivo\" \/>\n<meta property=\"article:modified_time\" content=\"2021-11-18T20:59:43+00:00\" \/>\n<meta name=\"twitter:card\" content=\"summary_large_image\" \/>\n<script type=\"application\/ld+json\" class=\"yoast-schema-graph\">{\"@context\":\"https:\/\/schema.org\",\"@graph\":[{\"@type\":\"WebPage\",\"@id\":\"https:\/\/automotivo.jfaeletronicos.com\/en\/general-terms\/\",\"url\":\"https:\/\/automotivo.jfaeletronicos.com\/en\/general-terms\/\",\"name\":\"General terms and conditions of use og the JFA's WEBSITE, BLOG AND NEWSLETTER - JFA Automotivo\",\"isPartOf\":{\"@id\":\"https:\/\/automotivo.jfaeletronicos.com\/#website\"},\"datePublished\":\"2021-11-18T20:59:23+00:00\",\"dateModified\":\"2021-11-18T20:59:43+00:00\",\"breadcrumb\":{\"@id\":\"https:\/\/automotivo.jfaeletronicos.com\/en\/general-terms\/#breadcrumb\"},\"inLanguage\":\"en-US\",\"potentialAction\":[{\"@type\":\"ReadAction\",\"target\":[\"https:\/\/automotivo.jfaeletronicos.com\/en\/general-terms\/\"]}]},{\"@type\":\"BreadcrumbList\",\"@id\":\"https:\/\/automotivo.jfaeletronicos.com\/en\/general-terms\/#breadcrumb\",\"itemListElement\":[{\"@type\":\"ListItem\",\"position\":1,\"name\":\"In\u00edcio\",\"item\":\"https:\/\/automotivo.jfaeletronicos.com\/en\/\"},{\"@type\":\"ListItem\",\"position\":2,\"name\":\"General terms and conditions of use og the JFA&#8217;s WEBSITE, BLOG AND NEWSLETTER\"}]},{\"@type\":\"WebSite\",\"@id\":\"https:\/\/automotivo.jfaeletronicos.com\/#website\",\"url\":\"https:\/\/automotivo.jfaeletronicos.com\/\",\"name\":\"JFA Automotivo\",\"description\":\"Pot\u00eancia, design, tecnologia e inova\u00e7\u00e3o\",\"potentialAction\":[{\"@type\":\"SearchAction\",\"target\":{\"@type\":\"EntryPoint\",\"urlTemplate\":\"https:\/\/automotivo.jfaeletronicos.com\/?s={search_term_string}\"},\"query-input\":{\"@type\":\"PropertyValueSpecification\",\"valueRequired\":true,\"valueName\":\"search_term_string\"}}],\"inLanguage\":\"en-US\"}]}<\/script>\n<!-- \/ Yoast SEO plugin. -->","yoast_head_json":{"title":"General terms and conditions of use og the JFA's WEBSITE, BLOG AND NEWSLETTER - JFA Automotivo","robots":{"index":"index","follow":"follow","max-snippet":"max-snippet:-1","max-image-preview":"max-image-preview:large","max-video-preview":"max-video-preview:-1"},"canonical":"https:\/\/automotivo.jfaeletronicos.com\/en\/general-terms\/","og_locale":"en_US","og_type":"article","og_title":"General terms and conditions of use og the JFA's WEBSITE, BLOG AND NEWSLETTER - JFA Automotivo","og_description":"JFA&#8217;s SITE, BLOG AND NEWSLETTER services are provided by the legal entity with the following Corporate Name: JFA ELETR\u00d4NICOS IND\u00daSTRIA E COM\u00c9RCIO EIRELI, with trade name JFA ELETR\u00d4NICOS, registered with the CNPJ under No. 06.164.639\/0001-99, holder of the intellectual property on software, website, applications, content and other assets related to the website and blog. 1 [&hellip;]","og_url":"https:\/\/automotivo.jfaeletronicos.com\/en\/general-terms\/","og_site_name":"JFA Automotivo","article_modified_time":"2021-11-18T20:59:43+00:00","twitter_card":"summary_large_image","schema":{"@context":"https:\/\/schema.org","@graph":[{"@type":"WebPage","@id":"https:\/\/automotivo.jfaeletronicos.com\/en\/general-terms\/","url":"https:\/\/automotivo.jfaeletronicos.com\/en\/general-terms\/","name":"General terms and conditions of use og the JFA's WEBSITE, BLOG AND NEWSLETTER - JFA Automotivo","isPartOf":{"@id":"https:\/\/automotivo.jfaeletronicos.com\/#website"},"datePublished":"2021-11-18T20:59:23+00:00","dateModified":"2021-11-18T20:59:43+00:00","breadcrumb":{"@id":"https:\/\/automotivo.jfaeletronicos.com\/en\/general-terms\/#breadcrumb"},"inLanguage":"en-US","potentialAction":[{"@type":"ReadAction","target":["https:\/\/automotivo.jfaeletronicos.com\/en\/general-terms\/"]}]},{"@type":"BreadcrumbList","@id":"https:\/\/automotivo.jfaeletronicos.com\/en\/general-terms\/#breadcrumb","itemListElement":[{"@type":"ListItem","position":1,"name":"In\u00edcio","item":"https:\/\/automotivo.jfaeletronicos.com\/en\/"},{"@type":"ListItem","position":2,"name":"General terms and conditions of use og the JFA&#8217;s WEBSITE, BLOG AND NEWSLETTER"}]},{"@type":"WebSite","@id":"https:\/\/automotivo.jfaeletronicos.com\/#website","url":"https:\/\/automotivo.jfaeletronicos.com\/","name":"JFA Automotivo","description":"Pot\u00eancia, design, tecnologia e inova\u00e7\u00e3o","potentialAction":[{"@type":"SearchAction","target":{"@type":"EntryPoint","urlTemplate":"https:\/\/automotivo.jfaeletronicos.com\/?s={search_term_string}"},"query-input":{"@type":"PropertyValueSpecification","valueRequired":true,"valueName":"search_term_string"}}],"inLanguage":"en-US"}]}},"_links":{"self":[{"href":"https:\/\/automotivo.jfaeletronicos.com\/en\/wp-json\/wp\/v2\/pages\/2208","targetHints":{"allow":["GET"]}}],"collection":[{"href":"https:\/\/automotivo.jfaeletronicos.com\/en\/wp-json\/wp\/v2\/pages"}],"about":[{"href":"https:\/\/automotivo.jfaeletronicos.com\/en\/wp-json\/wp\/v2\/types\/page"}],"author":[{"embeddable":true,"href":"https:\/\/automotivo.jfaeletronicos.com\/en\/wp-json\/wp\/v2\/users\/1"}],"replies":[{"embeddable":true,"href":"https:\/\/automotivo.jfaeletronicos.com\/en\/wp-json\/wp\/v2\/comments?post=2208"}],"version-history":[{"count":3,"href":"https:\/\/automotivo.jfaeletronicos.com\/en\/wp-json\/wp\/v2\/pages\/2208\/revisions"}],"predecessor-version":[{"id":2211,"href":"https:\/\/automotivo.jfaeletronicos.com\/en\/wp-json\/wp\/v2\/pages\/2208\/revisions\/2211"}],"wp:attachment":[{"href":"https:\/\/automotivo.jfaeletronicos.com\/en\/wp-json\/wp\/v2\/media?parent=2208"}],"curies":[{"name":"wp","href":"https:\/\/api.w.org\/{rel}","templated":true}]}}