{"id":2201,"date":"2021-11-18T17:47:04","date_gmt":"2021-11-18T20:47:04","guid":{"rendered":"https:\/\/automotivo.jfaeletronicos.com\/privacy-policy\/"},"modified":"2021-11-18T17:47:06","modified_gmt":"2021-11-18T20:47:06","slug":"privacy-policy","status":"publish","type":"page","link":"https:\/\/automotivo.jfaeletronicos.com\/en\/privacy-policy\/","title":{"rendered":"Privacy Policy"},"content":{"rendered":"\n<p>Last update date: <strong>July 5, 2021<\/strong><\/p>\n\n<p>This Privacy Policy contains information on the collection, use, storage, processing and protection of personal data of users and visitors to the JFA SITE, BLOG AND NEWSLETTER website, in order to demonstrate absolute transparency on the subject and clarify to all interested parties about the types of data that is collected, reasons for collection, and how users can manage or delete their personal information.<\/p>\n\n<p>This Privacy Policy applies to all users and visitors of the JFA SITE, BLOG AND NEWSLETTER website and integrates the General Terms and Conditions of Use thereof, which belongs to the company JFA ELETRONICS IND\u00daSTRIA E COM\u00c9RCIO EIRELI, registered with the CNPJ under n\u00ba 06.164.639\/0001-99, located at: Rua Flor das Pedras, 175 \u2013 Bairro Jardim Alvorada \u2013 Belo Horizonte \u2013 MG \u2013 CEP 30810-000, hereinafter referred to as JFA ELETR\u00d4NICOS.<\/p>\n\n<p>This document was prepared in accordance with the General Law for the Protection of Personal Data (Law 13.709\/18), the Marco Civil da Internet (Law 12.965\/14) and the EU Regulation (n. 2016\/6790).<\/p>\n\n<p>Also, the document may be updated as a result of any regulatory update, which is why the user is invited to periodically consult this section. By using the Services, you accept and understand that we collect, process, use and store your Information as described in this Policy. If you do not agree with this Policy, you must not use any of the Services provided by this website. If you change your mind in the future, you must stop using the Services and you may exercise your rights to your information as set out in this Policy.<\/p>\n\n<p>We recommend that you read this Policy carefully, especially before starting your relationship with JFA Electronics. If you have any questions about the content of this Policy, please contact us directly, by email: mkt@jfaeletronicos.com or by phone: (31) 25336100 \u2013 marketing sector.<\/p>\n\n<p><strong>1. Types of Data collected and how they are used<\/strong><\/p>\n\n<p>When you access and use our platform or when, in any way, you interact with JFA Eletr\u00f4nicos, we may process your personal data for various purposes, as indicated below:<\/p>\n\n<figure class=\"wp-block-table\"><table><tbody><tr><td>Data collected<\/td><td>Purposes<\/td><\/tr><tr><td>Registration data on the website, in our newsletter or in our events (full name, email, telephone number, CNPJ or CPF, company name and address). <\/td><td>\u2022 Send content produced by JFA Eletr\u00f4nicos, such as institutional communications, newsletter, e-books, materials on specific topics and services, invitations to events or feedback survey. \u2022 Allow your participation in events promoted by JFA Eletr\u00f4nicos and your interaction by sending questions or queries. <\/td><\/tr><tr><td>Contact details (name, email, company name, telephone, address). <\/td><td>To answer your questions, compliments, complaints, suggestions and communicate with you, especially when you send us a message via the Contact page on our website. \u2022 To manage our relationship with you or the company you represent, whether you are a customer, a former customer or a potential customer. \u2022 Offer e-books, event information and products related to JFA Eletr\u00f4nicos through telephone contact or WhatsApp\/Telegram. <\/td><\/tr><tr><td>Data provided in your resume (full name, phone number, e-mail, as well as any other information you spontaneously include in the resumes you send us).<\/td><td>\u200b\u2022 To recruit new members, contacting them and allowing them to participate in all stages of the respective selection processes, such as interviews, group dynamics, practical or theoretical tests, among other activities inherent to the selection process. \u2022 To assess the adherence of the professional profile to the vacancies that are open at JFA Eletr\u00f4nicos or for which you have applied. <\/td><\/tr><tr><td>Interaction data with the content produced by JFA Eletr\u00f4nicos (clicks on our website or newsletter, number of accesses, opening of newsletters and newsletters sent, length of stay, engagement rate, analytical data). <\/td><td>\u2022 To improve our communication with you, develop the functionality of our website and services provided. \u2022 To submit content that we believe will be of interest to you. \u2022 To carry out analyzes on the effectiveness and relevance of the content we produce. <\/td><\/tr><tr><td>Information about your access to our website and other applications provided by JFA Electronics (IP, date and time of access)<\/td><td>\u200b\u2022 To comply with our legal obligations.<\/td><\/tr><\/tbody><\/table><\/figure>\n\n<p><strong>2. Who is your personal data shared with?<\/strong><\/p>\n\n<p>We may share your personal data with:<\/p>\n\n<p><strong>\u2022 Our partners, service providers and suppliers.<\/strong> In order to carry out our activities, we maintain relationships and contract with various partners, service providers and suppliers, which are essential for our business. Some of these partners, service providers and suppliers may need to have access to the personal data we collect in order to perform their functions, such as information technology service providers, data hosting services, recruitment and selection services, management and promotion services. events, productivity software providers, contact management software providers, auditors, correspondents, translators, among other service providers, in which case we may share your personal data with them. <\/p>\n\n<p><strong>\u2022 Government Authorities. <\/strong>We may share your personal data with any and any Governmental Authority that requests it, including supervisory bodies for labor activities or financial activities, regulatory bodies, such as bodies of the Judiciary Branch or Law Enforcement Authorities.<\/p>\n\n<p><strong>\u2022 With third parties interested in combining or acquiring our businesses. <\/strong>We may share your personal data with third parties interested in the combination or acquisition of our business, with whom we are dealing with potential merger, acquisition or merger transactions.<\/p>\n\n<p><strong>\u2022 To third parties indicated by you.<\/strong> We may share your personal data with third parties who have been appointed by you upon your request.<\/p>\n\n<p><strong>3. How long are your data processed<\/strong><\/p>\n\n<p>JFA Electronics is committed to treating your personal data only for the period necessary to achieve the specific purposes of each treatment, with data retention for the shortest possible duration, taking into account all existing legal and regulatory obligations.<\/p>\n\n<p>In this sense, the retention periods for each category of personal data are defined by JFA Electronics according to the specific characteristics of each treatment, including the nature of the data, the purposes for processing, the existing legal or regulatory obligations, among other criteria relevant to this definition.<\/p>\n\n<p>In certain cases, we have legal obligations that determine the storage of personal data for specific periods, such as the data of your IP address, time and date of each access to our website, which must be retained for at least 6 months, in compliance with the article 15 of the Marco Civil da Internet.<\/p>\n\n<p><strong>4. International Data Transfers<\/strong><\/p>\n\n<p>In certain circumstances, such as when we use cloud hosting services located in other countries or when we need to transfer data to other countries, we will take the measures required by law to ensure that your personal data remains protected, and that this transfer takes place. according to one of the transfer mechanisms provided for in the LGPD.<\/p>\n\n<p><strong>5. Cookies<\/strong><\/p>\n\n<p>Cookies are small text files that are stored in your browser or on your device and that are triggered when you access most of the websites available on the internet, including ours. They serve, among other purposes, to allow your preferences to be recognized and for our website to be displayed to you in accordance with those preferences, such as the language in which it is made available. In addition, cookies can be used to assess performance metrics, identify usage issues, allow the site to function properly and collect information about user behavior.<\/p>\n\n<p>There are different types of cookies. On our website, we may use the following cookies:<\/p>\n\n<p><strong>\u2022 Strictly necessary cookies.<\/strong> They are essential for the functioning of our website, to ensure its security and proper performance, without which it would not function properly.<\/p>\n\n<p><strong>\u2022 Preferred Cookies.<\/strong> They store information about your preferences, such as your language and region, allowing for a better browsing experience on the site.<\/p>\n\n<p><strong>\u2022 Analysis cookies.<\/strong> They collect information about your behavior while browsing our website, such as the pages that are accessed, the time you visit, the pages rarely accessed, in order to allow us to improve the quality of the website.<\/p>\n\n<p>If you object to their use, you can refuse the installation of these cookies or remove them manually by accessing the settings area of your browser or device, with the exception of strictly necessary cookies, which are essential for the correct functioning of the website.<\/p>\n\n<p>For more information on how to remove cookies from your device, you can access the following websites, depending on the browser you use. When accessing their websites, you will be subject to the privacy policies of other companies, which may not be consistent or similar to the terms of this Policy:<\/p>\n\n<p>\u2022 How to remove cookies in <a href=\"https:\/\/support.google.com\/accounts\/answer\/32050?co=GENIE.Platform%3DDesktop&amp;hl=pt-BR\" target=\"_blank\" rel=\"noreferrer noopener\">Google Chrome<\/a><\/p>\n\n<p>\u2022 How to remove cookies in <a href=\"https:\/\/support.mozilla.org\/pt-BR\/kb\/limpe-cookies-e-dados-de-sites-no-firefox\" target=\"_blank\" rel=\"noreferrer noopener\">Mozilla Firefox<\/a><\/p>\n\n<p>\u2022 How to remove cookies in <a href=\"https:\/\/support.microsoft.com\/pt-br\/help\/278835\/how-to-delete-cookie-files-in-internet-explorer\" target=\"_blank\" rel=\"noreferrer noopener\">Internet Explorer<\/a><\/p>\n\n<p>\u2022 How to remove cookies in <a href=\"https:\/\/support.apple.com\/pt-br\/HT201265\" target=\"_blank\" rel=\"noreferrer noopener\">Safari<\/a><\/p>\n\n<p><strong>6. Your Rights as a Data Subject<\/strong><\/p>\n\n<p>You have a number of rights in relation to your personal data and JFA Eletronicos is committed to respecting these rights, ensuring that you can exercise them at any time.<\/p>\n\n<p>Among the rights available to you are the following:<\/p>\n\n<p><strong>\u2022 Confirmation<\/strong> of the existence of the treatment. <\/p>\n\n<p><strong>\u2022 Access<\/strong> to your personal data.<\/p>\n\n<p><strong>\u2022 Correction<\/strong> of personal data that is incomplete, inaccurate or out of date.<\/p>\n\n<p><strong>\u2022 Anonymization, blocking or deletion<\/strong>, in cases where unnecessary, excessive or non-compliant data are processed. <\/p>\n\n<p><strong>\u2022 Portability<\/strong>, in the form of regulations issued by the National Data Protection Authority.<\/p>\n\n<p><strong>\u2022 Deletion of data processed with consent<\/strong>, in cases where this is the legal basis for a given processing activity, except in the cases of retention of personal data provided for in the LGPD.<\/p>\n\n<p><strong>\u2022 Information about data sharing<\/strong> with public and private entities.<\/p>\n\n<p><strong>\u2022 Information about the possibility of denying your consent<\/strong>, this being the applicable legal basis for the processing of personal data, with an indication of the consequences of this refusal.<\/p>\n\n<p><strong>\u2022 Revocation of consent<\/strong>, at any time, easily and free of charge, simply communicate your decision to the Supervisor of JFA Eletr\u00f4nicos. Revocation of consent does not invalidate or render illegitimate the activities of processing personal data that have taken place before the date of revocation.<\/p>\n\n<p><strong>\u2022 Opposition to processing<\/strong>, in cases where consent is not the legal basis applicable to the processing of your personal data, and when there is any breach of legislation. JFA Eletr\u00f4nicos will assess whether your opposition is justified or not, adopting the necessary measures to suspend the treatment or inform the grounds on which it understands that the treatment is lawful and permitted.<\/p>\n\n<p><strong>\u2022 File a complaint<\/strong> with the National Data Protection Authority. <\/p>\n\n<p>All these rights may be exercised by you at any time, free of charge, unless the charging of a fee is eventually permitted in accordance with current legislation or regulations, and JFA Eletr\u00f4nicos undertakes to use its best efforts to meet your requests transparently and quickly.<\/p>\n\n<p>To ensure that the rights are being exercised by you or by your duly constituted legal representative, JFA Electronics may request necessary information or proof about your identity, in order to prevent fraud and guarantee your privacy, so that your personal data are not shared with those who are not authorized to do so.<\/p>\n\n<p>We will respond to your requests within a reasonable time, in accordance with applicable law, remembering that we will only be able to respond to certain requests after we receive the confirmations provided above.<\/p>\n\n<p><strong>7. <\/strong><strong>Security of Personal Data Stored<\/strong><\/p>\n\n<p>The platform undertakes to apply technical and organizational measures capable of protecting personal data from unauthorized access and from situations of destruction, loss, alteration, communication or dissemination of such data.<\/p>\n\n<p>The platform does not exempt itself from liability for the exclusive fault of third parties, such as in the case of a hacker or cracker attack, or the sole fault of the user, as in the case where he himself transfers his data to third parties. The website undertakes to notify the user in the event of any breach of the security of their personal data.<\/p>\n\n<p>Personal data stored are treated confidentially, within legal limits. However, we may disclose your personal information if we are required by law to do so or if you violate our Terms of Use.<\/p>\n\n<p><strong>8. How to talk to JFA Electronics about your Personal Data<\/strong><\/p>\n\n<p>If you have any questions about this Policy or about the way in which your personal data are treated by JFA Electronics, please do not hesitate to contact us directly, by email: mkt@jfaeletronicos.com or by phone: (31) 25336100, talking to the person responsible for marketing.<\/p>\n\n<p><strong>9. <\/strong><strong>Changes to this Privacy Policy<\/strong><\/p>\n\n<p>As our goal is always to improve our services, this Privacy Policy may undergo changes and updates over time, to better reflect our personal data processing practices and provide greater security and transparency to our operations. We recommend that you periodically check this Policy to familiarize yourself with any changes.<\/p>\n","protected":false},"excerpt":{"rendered":"<p>Last update date: July 5, 2021 This Privacy Policy contains information on the collection, use, storage, processing and protection of personal data of users and visitors to the JFA SITE, BLOG AND NEWSLETTER website, in order to demonstrate absolute transparency on the subject and clarify to all interested parties about the types of data that [&hellip;]<\/p>\n","protected":false},"author":1,"featured_media":0,"parent":0,"menu_order":10,"comment_status":"closed","ping_status":"closed","template":"","meta":{"_acf_changed":false,"footnotes":""},"class_list":["post-2201","page","type-page","status-publish","hentry"],"acf":[],"yoast_head":"<!-- This site is optimized with the Yoast SEO plugin v27.2 - https:\/\/yoast.com\/product\/yoast-seo-wordpress\/ -->\n<title>Privacy Policy - JFA Automotivo<\/title>\n<meta name=\"robots\" content=\"index, follow, max-snippet:-1, max-image-preview:large, max-video-preview:-1\" \/>\n<link rel=\"canonical\" href=\"https:\/\/automotivo.jfaeletronicos.com\/en\/privacy-policy\/\" \/>\n<meta property=\"og:locale\" content=\"en_US\" \/>\n<meta property=\"og:type\" content=\"article\" \/>\n<meta property=\"og:title\" content=\"Privacy Policy - JFA Automotivo\" \/>\n<meta property=\"og:description\" content=\"Last update date: July 5, 2021 This Privacy Policy contains information on the collection, use, storage, processing and protection of personal data of users and visitors to the JFA SITE, BLOG AND NEWSLETTER website, in order to demonstrate absolute transparency on the subject and clarify to all interested parties about the types of data that [&hellip;]\" \/>\n<meta property=\"og:url\" content=\"https:\/\/automotivo.jfaeletronicos.com\/en\/privacy-policy\/\" \/>\n<meta property=\"og:site_name\" content=\"JFA Automotivo\" \/>\n<meta property=\"article:modified_time\" content=\"2021-11-18T20:47:06+00:00\" \/>\n<meta name=\"twitter:card\" content=\"summary_large_image\" \/>\n<script type=\"application\/ld+json\" class=\"yoast-schema-graph\">{\"@context\":\"https:\/\/schema.org\",\"@graph\":[{\"@type\":\"WebPage\",\"@id\":\"https:\/\/automotivo.jfaeletronicos.com\/en\/privacy-policy\/\",\"url\":\"https:\/\/automotivo.jfaeletronicos.com\/en\/privacy-policy\/\",\"name\":\"Privacy Policy - JFA Automotivo\",\"isPartOf\":{\"@id\":\"https:\/\/automotivo.jfaeletronicos.com\/#website\"},\"datePublished\":\"2021-11-18T20:47:04+00:00\",\"dateModified\":\"2021-11-18T20:47:06+00:00\",\"breadcrumb\":{\"@id\":\"https:\/\/automotivo.jfaeletronicos.com\/en\/privacy-policy\/#breadcrumb\"},\"inLanguage\":\"en-US\",\"potentialAction\":[{\"@type\":\"ReadAction\",\"target\":[\"https:\/\/automotivo.jfaeletronicos.com\/en\/privacy-policy\/\"]}]},{\"@type\":\"BreadcrumbList\",\"@id\":\"https:\/\/automotivo.jfaeletronicos.com\/en\/privacy-policy\/#breadcrumb\",\"itemListElement\":[{\"@type\":\"ListItem\",\"position\":1,\"name\":\"In\u00edcio\",\"item\":\"https:\/\/automotivo.jfaeletronicos.com\/en\/\"},{\"@type\":\"ListItem\",\"position\":2,\"name\":\"Privacy Policy\"}]},{\"@type\":\"WebSite\",\"@id\":\"https:\/\/automotivo.jfaeletronicos.com\/#website\",\"url\":\"https:\/\/automotivo.jfaeletronicos.com\/\",\"name\":\"JFA Automotivo\",\"description\":\"Pot\u00eancia, design, tecnologia e inova\u00e7\u00e3o\",\"potentialAction\":[{\"@type\":\"SearchAction\",\"target\":{\"@type\":\"EntryPoint\",\"urlTemplate\":\"https:\/\/automotivo.jfaeletronicos.com\/?s={search_term_string}\"},\"query-input\":{\"@type\":\"PropertyValueSpecification\",\"valueRequired\":true,\"valueName\":\"search_term_string\"}}],\"inLanguage\":\"en-US\"}]}<\/script>\n<!-- \/ Yoast SEO plugin. -->","yoast_head_json":{"title":"Privacy Policy - JFA Automotivo","robots":{"index":"index","follow":"follow","max-snippet":"max-snippet:-1","max-image-preview":"max-image-preview:large","max-video-preview":"max-video-preview:-1"},"canonical":"https:\/\/automotivo.jfaeletronicos.com\/en\/privacy-policy\/","og_locale":"en_US","og_type":"article","og_title":"Privacy Policy - JFA Automotivo","og_description":"Last update date: July 5, 2021 This Privacy Policy contains information on the collection, use, storage, processing and protection of personal data of users and visitors to the JFA SITE, BLOG AND NEWSLETTER website, in order to demonstrate absolute transparency on the subject and clarify to all interested parties about the types of data that [&hellip;]","og_url":"https:\/\/automotivo.jfaeletronicos.com\/en\/privacy-policy\/","og_site_name":"JFA Automotivo","article_modified_time":"2021-11-18T20:47:06+00:00","twitter_card":"summary_large_image","schema":{"@context":"https:\/\/schema.org","@graph":[{"@type":"WebPage","@id":"https:\/\/automotivo.jfaeletronicos.com\/en\/privacy-policy\/","url":"https:\/\/automotivo.jfaeletronicos.com\/en\/privacy-policy\/","name":"Privacy Policy - JFA Automotivo","isPartOf":{"@id":"https:\/\/automotivo.jfaeletronicos.com\/#website"},"datePublished":"2021-11-18T20:47:04+00:00","dateModified":"2021-11-18T20:47:06+00:00","breadcrumb":{"@id":"https:\/\/automotivo.jfaeletronicos.com\/en\/privacy-policy\/#breadcrumb"},"inLanguage":"en-US","potentialAction":[{"@type":"ReadAction","target":["https:\/\/automotivo.jfaeletronicos.com\/en\/privacy-policy\/"]}]},{"@type":"BreadcrumbList","@id":"https:\/\/automotivo.jfaeletronicos.com\/en\/privacy-policy\/#breadcrumb","itemListElement":[{"@type":"ListItem","position":1,"name":"In\u00edcio","item":"https:\/\/automotivo.jfaeletronicos.com\/en\/"},{"@type":"ListItem","position":2,"name":"Privacy Policy"}]},{"@type":"WebSite","@id":"https:\/\/automotivo.jfaeletronicos.com\/#website","url":"https:\/\/automotivo.jfaeletronicos.com\/","name":"JFA Automotivo","description":"Pot\u00eancia, design, tecnologia e inova\u00e7\u00e3o","potentialAction":[{"@type":"SearchAction","target":{"@type":"EntryPoint","urlTemplate":"https:\/\/automotivo.jfaeletronicos.com\/?s={search_term_string}"},"query-input":{"@type":"PropertyValueSpecification","valueRequired":true,"valueName":"search_term_string"}}],"inLanguage":"en-US"}]}},"_links":{"self":[{"href":"https:\/\/automotivo.jfaeletronicos.com\/en\/wp-json\/wp\/v2\/pages\/2201","targetHints":{"allow":["GET"]}}],"collection":[{"href":"https:\/\/automotivo.jfaeletronicos.com\/en\/wp-json\/wp\/v2\/pages"}],"about":[{"href":"https:\/\/automotivo.jfaeletronicos.com\/en\/wp-json\/wp\/v2\/types\/page"}],"author":[{"embeddable":true,"href":"https:\/\/automotivo.jfaeletronicos.com\/en\/wp-json\/wp\/v2\/users\/1"}],"replies":[{"embeddable":true,"href":"https:\/\/automotivo.jfaeletronicos.com\/en\/wp-json\/wp\/v2\/comments?post=2201"}],"version-history":[{"count":2,"href":"https:\/\/automotivo.jfaeletronicos.com\/en\/wp-json\/wp\/v2\/pages\/2201\/revisions"}],"predecessor-version":[{"id":2203,"href":"https:\/\/automotivo.jfaeletronicos.com\/en\/wp-json\/wp\/v2\/pages\/2201\/revisions\/2203"}],"wp:attachment":[{"href":"https:\/\/automotivo.jfaeletronicos.com\/en\/wp-json\/wp\/v2\/media?parent=2201"}],"curies":[{"name":"wp","href":"https:\/\/api.w.org\/{rel}","templated":true}]}}