{"id":2189,"date":"2021-11-18T16:07:42","date_gmt":"2021-11-18T19:07:42","guid":{"rendered":"https:\/\/automotivo.jfaeletronicos.com\/downloads\/"},"modified":"2025-02-17T13:58:35","modified_gmt":"2025-02-17T16:58:35","slug":"downloads","status":"publish","type":"page","link":"https:\/\/automotivo.jfaeletronicos.com\/en\/downloads\/","title":{"rendered":"User manual downloads"},"content":{"rendered":"\n<p><strong>Remote control<\/strong><\/p>\n\n\n\n<figure class=\"wp-block-table is-style-stripes table w-full\"><table><tbody><tr><td>Control Remoto Acqua 1200 &#8211; <strong>English<\/strong><\/td><td class=\"has-text-align-right\" data-align=\"right\"><a href=\"https:\/\/automotivo.jfaeletronicos.com\/wp-content\/uploads\/sites\/2\/2022\/04\/jfa-manual-remote-control-acqua-1200.pdf\" target=\"_blank\" rel=\"noreferrer noopener\">Download<\/a><\/td><\/tr><tr><td>Control Remoto Acqua 1200 \u2013 <strong>Spanish<\/strong><\/td><td class=\"has-text-align-right\" data-align=\"right\"><a href=\"https:\/\/automotivo.jfaeletronicos.com\/wp-content\/uploads\/sites\/2\/2022\/10\/manual-de-instrucciones-jfa-control-remote-acqua-1200.pdf\" target=\"_blank\" rel=\"noreferrer noopener\">Download<\/a><\/td><\/tr><tr><td>Control Remoto Redline &#8211; <strong>English<\/strong><\/td><td class=\"has-text-align-right\" data-align=\"right\"><a href=\"https:\/\/automotivo.jfaeletronicos.com\/wp-content\/uploads\/sites\/2\/2022\/08\/jfa-product-manual-redline-control.pdf\" target=\"_blank\" rel=\"noreferrer noopener\">Download<\/a><\/td><\/tr><tr><td>Control Remoto Redline \u2013 <strong>Spanish<\/strong><\/td><td class=\"has-text-align-right\" data-align=\"right\"><a href=\"https:\/\/automotivo.jfaeletronicos.com\/wp-content\/uploads\/sites\/2\/2022\/10\/manual-de-instrucciones-jfa-control-remote-redline.pdf\" target=\"_blank\" rel=\"noreferrer noopener\">Download<\/a><\/td><\/tr><tr><td>Control Remoto K1200 &#8211; <strong>English<\/strong><\/td><td class=\"has-text-align-right\" data-align=\"right\"><a href=\"https:\/\/automotivo.jfaeletronicos.com\/wp-content\/uploads\/sites\/2\/2022\/08\/jfa-product-manual-control-k1200.pdf\" target=\"_blank\" rel=\"noreferrer noopener\">Downloa<\/a><a data-type=\"URL\" href=\"https:\/\/telecomunicacoes.jfaeletronicos.com\/wp-content\/uploads\/sites\/3\/2021\/07\/manual-jfa-patch-panel-POE-5-10-portas-fast-giga-RV01-2.pdf\" target=\"_blank\" rel=\"noreferrer noopener\">d<\/a><\/td><\/tr><tr><td>Control Remoto K1200 \u2013 <strong>Spanish<\/strong><\/td><td class=\"has-text-align-right\" data-align=\"right\"><a href=\"https:\/\/automotivo.jfaeletronicos.com\/wp-content\/uploads\/sites\/2\/2022\/10\/manual-de-instrucciones-jfa-control-remote-k1200.pdf\" target=\"_blank\" rel=\"noreferrer noopener\">Download<\/a><\/td><\/tr><tr><td>K600 Control &#8211; <strong>English<\/strong><\/td><td class=\"has-text-align-right\" data-align=\"right\"><a href=\"https:\/\/automotivo.jfaeletronicos.com\/wp-content\/uploads\/sites\/2\/2022\/08\/jfa-product-manual-control-k600.pdf\" target=\"_blank\" rel=\"noreferrer noopener\">Download<\/a><\/td><\/tr><tr><td>K600 Control &#8211; <strong>Spanish<\/strong><\/td><td class=\"has-text-align-right\" data-align=\"right\"><\/td><\/tr><\/tbody><\/table><\/figure>\n\n\n\n<p><strong>Power supply and chargers<\/strong><\/p>\n\n\n\n<figure class=\"wp-block-table is-style-stripes\"><table><tbody><tr><td>Power Supply and Charger Bob Storm \u2013<strong> Portuguese, English, and Spanish<\/strong><\/td><td class=\"has-text-align-right\" data-align=\"right\"><a href=\"https:\/\/automotivo.jfaeletronicos.com\/wp-content\/uploads\/sites\/2\/2022\/10\/manual-jfa-fonte-e-carregador-bob-storm-trilingue.pdf\" target=\"_blank\" rel=\"noreferrer noopener\">Download<\/a><\/td><\/tr><tr><td>X-Line Power Supply and Charger \u2013<strong> English and Spanish<\/strong><\/td><td class=\"has-text-align-right\" data-align=\"right\"><a href=\"https:\/\/automotivo.jfaeletronicos.com\/wp-content\/uploads\/sites\/2\/2022\/10\/jfa-product-manual-xline-power-pupply-and-charger-spanish-english.pdf\" target=\"_blank\" rel=\"noreferrer noopener\">Download<\/a><\/td><\/tr><\/tbody><\/table><\/figure>\n\n\n\n<p><strong>Other products<\/strong><\/p>\n\n\n\n<figure class=\"wp-block-table is-style-stripes\"><table><tbody><tr><td>RCA Remote Slim Converter &#8211; <strong>English<\/strong><\/td><td class=\"has-text-align-right\" data-align=\"right\"><a href=\"https:\/\/automotivo.jfaeletronicos.com\/wp-content\/uploads\/sites\/2\/2022\/08\/jfa-product-manual-slim-remore-rca-converter.pdf\" target=\"_blank\" rel=\"noreferrer noopener\">Download<\/a><\/td><\/tr><tr><td>RCA Remote Slim Converter \u2013 <strong>Spanish<\/strong><\/td><td class=\"has-text-align-right\" data-align=\"right\"><a href=\"https:\/\/automotivo.jfaeletronicos.com\/wp-content\/uploads\/sites\/2\/2022\/10\/manual-de-instrucciones-jfa-convertidor-rca-remoto-slim.pdf\" target=\"_blank\" rel=\"noreferrer noopener\">Download<\/a><\/td><\/tr><tr><td>Active Noise Control Filter &#8211; <strong>English<\/strong><\/td><td class=\"has-text-align-right\" data-align=\"right\"><a href=\"https:\/\/automotivo.jfaeletronicos.com\/wp-content\/uploads\/sites\/2\/2022\/03\/jfa-product-manual-filter-converter-rca-remote.pdf\" target=\"_blank\" rel=\"noreferrer noopener\">Download<\/a><\/td><\/tr><tr><td>Redline Power Supply and Charger<\/td><td class=\"has-text-align-right\" data-align=\"right\"><a href=\"https:\/\/automotivo.jfaeletronicos.com\/wp-content\/uploads\/sites\/2\/2022\/02\/jfa-product-manual-redline-sources-1.pdf\" target=\"_blank\" rel=\"noreferrer noopener\">Download<\/a><\/td><\/tr><tr><td>RedLine Portable Charger<\/td><td class=\"has-text-align-right\" data-align=\"right\"><a href=\"https:\/\/automotivo.jfaeletronicos.com\/wp-content\/uploads\/sites\/2\/2022\/02\/jfa-product-manual-redline-60a-charger.pdf\" target=\"_blank\" rel=\"noreferrer noopener\">Download<\/a><\/td><\/tr><tr><td>Cargador Portatil F60A <strong>&#8211; Spanish<\/strong><\/td><td class=\"has-text-align-right\" data-align=\"right\"><a href=\"https:\/\/automotivo.jfaeletronicos.com\/wp-content\/uploads\/sites\/2\/2022\/10\/jfa-product-manual-cargador-portatil.pdf\" target=\"_blank\" rel=\"noreferrer noopener\">Download<\/a><\/td><\/tr><tr><td><strong>10A<\/strong> SCI Power Supply and Charger<\/td><td class=\"has-text-align-right\" data-align=\"right\"><a href=\"https:\/\/automotivo.jfaeletronicos.com\/wp-content\/uploads\/sites\/2\/2022\/02\/jfa-product-manual-sci-10a-source.pdf\" target=\"_blank\" rel=\"noreferrer noopener\">Download<\/a><\/td><\/tr><tr><td>SCI Power Supply and Charger<\/td><td class=\"has-text-align-right\" data-align=\"right\"><a href=\"https:\/\/automotivo.jfaeletronicos.com\/wp-content\/uploads\/sites\/2\/2022\/02\/jfa-product-manual-sci-sources.pdf\" target=\"_blank\" rel=\"noreferrer noopener\">Download<\/a><\/td><\/tr><tr><td>AP400x4 &#8211; <strong>English Spanish<\/strong><\/td><td class=\"has-text-align-right\" data-align=\"right\"><a href=\"https:\/\/automotivo.jfaeletronicos.com\/wp-content\/uploads\/sites\/2\/2024\/08\/Amplificador-de-audio-da-JFA-DSP400-e-DSP800-Exportacao-Ingles-e-Espanhol-2111-1.pdf\" target=\"_blank\" rel=\"noreferrer noopener\">Download<\/a><\/td><\/tr><tr><td>AP800x4 &#8211; <strong>English Spanish<\/strong><\/td><td class=\"has-text-align-right\" data-align=\"right\"><a href=\"https:\/\/automotivo.jfaeletronicos.com\/wp-content\/uploads\/sites\/2\/2024\/08\/Amplificador-de-audio-da-JFA-DSP400-e-DSP800-Exportacao-Ingles-e-Espanhol-2111-1.pdf\" target=\"_blank\" rel=\"noreferrer noopener\">Download<\/a><\/td><\/tr><\/tbody><\/table><\/figure>\n\n\n\n<p><\/p>\n\n\n\n<p><strong>Out of line<\/strong><\/p>\n\n\n\n<figure class=\"wp-block-table is-style-stripes\"><table><tbody><tr><td>Air Control                                                                              <\/td><td class=\"has-text-align-right\" data-align=\"right\"><a href=\"https:\/\/automotivo.jfaeletronicos.com\/wp-content\/uploads\/sites\/2\/2021\/07\/jfa-manual-controle-air-control.pdf\" target=\"_blank\" rel=\"noreferrer noopener\">Download<\/a><\/td><\/tr><tr><td>J4 Redline Audio Processor &#8211; <strong>English<\/strong><\/td><td class=\"has-text-align-right\" data-align=\"right\"><a href=\"https:\/\/automotivo.jfaeletronicos.com\/wp-content\/uploads\/sites\/2\/2022\/08\/jfa-product-manual-j4-redline-processor.pdf\" target=\"_blank\" rel=\"noreferrer noopener\">Download<\/a><\/td><\/tr><tr><td>VS5HI Voltmeter and Sequence &#8211; <strong>English<\/strong><\/td><td class=\"has-text-align-right\" data-align=\"right\"><a href=\"https:\/\/automotivo.jfaeletronicos.com\/wp-content\/uploads\/sites\/2\/2022\/08\/jfa-product-manual-voltmeter-and-sequencer-vs5hi.pdf\" target=\"_blank\" rel=\"noreferrer noopener\">Download<\/a><\/td><\/tr><tr><td>VS5HI Voltmeter and Sequence \u2013 <strong>Spanish<\/strong><\/td><td class=\"has-text-align-right\" data-align=\"right\"><a href=\"https:\/\/automotivo.jfaeletronicos.com\/wp-content\/uploads\/sites\/2\/2022\/10\/manual-de-instrucciones-jfa-VS5HI-voltimetro-secuenciador.pdf\" target=\"_blank\" rel=\"noreferrer noopener\">Download<\/a><\/td><\/tr><\/tbody><\/table><\/figure>\n","protected":false},"excerpt":{"rendered":"<p>Remote control Control Remoto Acqua 1200 &#8211; English Download Control Remoto Acqua 1200 \u2013 Spanish Download Control Remoto Redline &#8211; English Download Control Remoto Redline \u2013 Spanish Download Control Remoto K1200 &#8211; English Download Control Remoto K1200 \u2013 Spanish Download K600 Control &#8211; English Download K600 Control &#8211; Spanish Power supply and chargers Power Supply [&hellip;]<\/p>\n","protected":false},"author":1,"featured_media":0,"parent":0,"menu_order":14,"comment_status":"closed","ping_status":"closed","template":"","meta":{"_acf_changed":false,"footnotes":""},"class_list":["post-2189","page","type-page","status-publish","hentry"],"acf":[],"yoast_head":"<!-- This site is optimized with the Yoast SEO plugin v27.2 - https:\/\/yoast.com\/product\/yoast-seo-wordpress\/ -->\n<title>User manual downloads - JFA Automotivo<\/title>\n<meta name=\"robots\" content=\"index, follow, max-snippet:-1, max-image-preview:large, max-video-preview:-1\" \/>\n<link rel=\"canonical\" href=\"https:\/\/automotivo.jfaeletronicos.com\/en\/downloads\/\" \/>\n<meta property=\"og:locale\" content=\"en_US\" \/>\n<meta property=\"og:type\" content=\"article\" \/>\n<meta property=\"og:title\" content=\"User manual downloads - JFA Automotivo\" \/>\n<meta property=\"og:description\" content=\"Remote control Control Remoto Acqua 1200 &#8211; English Download Control Remoto Acqua 1200 \u2013 Spanish Download Control Remoto Redline &#8211; English Download Control Remoto Redline \u2013 Spanish Download Control Remoto K1200 &#8211; English Download Control Remoto K1200 \u2013 Spanish Download K600 Control &#8211; English Download K600 Control &#8211; Spanish Power supply and chargers Power Supply [&hellip;]\" \/>\n<meta property=\"og:url\" content=\"https:\/\/automotivo.jfaeletronicos.com\/en\/downloads\/\" \/>\n<meta property=\"og:site_name\" content=\"JFA Automotivo\" \/>\n<meta property=\"article:modified_time\" content=\"2025-02-17T16:58:35+00:00\" \/>\n<meta name=\"twitter:card\" content=\"summary_large_image\" \/>\n<script type=\"application\/ld+json\" class=\"yoast-schema-graph\">{\"@context\":\"https:\/\/schema.org\",\"@graph\":[{\"@type\":\"WebPage\",\"@id\":\"https:\/\/automotivo.jfaeletronicos.com\/en\/downloads\/\",\"url\":\"https:\/\/automotivo.jfaeletronicos.com\/en\/downloads\/\",\"name\":\"User manual downloads - JFA Automotivo\",\"isPartOf\":{\"@id\":\"https:\/\/automotivo.jfaeletronicos.com\/#website\"},\"datePublished\":\"2021-11-18T19:07:42+00:00\",\"dateModified\":\"2025-02-17T16:58:35+00:00\",\"breadcrumb\":{\"@id\":\"https:\/\/automotivo.jfaeletronicos.com\/en\/downloads\/#breadcrumb\"},\"inLanguage\":\"en-US\",\"potentialAction\":[{\"@type\":\"ReadAction\",\"target\":[\"https:\/\/automotivo.jfaeletronicos.com\/en\/downloads\/\"]}]},{\"@type\":\"BreadcrumbList\",\"@id\":\"https:\/\/automotivo.jfaeletronicos.com\/en\/downloads\/#breadcrumb\",\"itemListElement\":[{\"@type\":\"ListItem\",\"position\":1,\"name\":\"In\u00edcio\",\"item\":\"https:\/\/automotivo.jfaeletronicos.com\/en\/\"},{\"@type\":\"ListItem\",\"position\":2,\"name\":\"User manual downloads\"}]},{\"@type\":\"WebSite\",\"@id\":\"https:\/\/automotivo.jfaeletronicos.com\/#website\",\"url\":\"https:\/\/automotivo.jfaeletronicos.com\/\",\"name\":\"JFA Automotivo\",\"description\":\"Pot\u00eancia, design, tecnologia e inova\u00e7\u00e3o\",\"potentialAction\":[{\"@type\":\"SearchAction\",\"target\":{\"@type\":\"EntryPoint\",\"urlTemplate\":\"https:\/\/automotivo.jfaeletronicos.com\/?s={search_term_string}\"},\"query-input\":{\"@type\":\"PropertyValueSpecification\",\"valueRequired\":true,\"valueName\":\"search_term_string\"}}],\"inLanguage\":\"en-US\"}]}<\/script>\n<!-- \/ Yoast SEO plugin. -->","yoast_head_json":{"title":"User manual downloads - JFA Automotivo","robots":{"index":"index","follow":"follow","max-snippet":"max-snippet:-1","max-image-preview":"max-image-preview:large","max-video-preview":"max-video-preview:-1"},"canonical":"https:\/\/automotivo.jfaeletronicos.com\/en\/downloads\/","og_locale":"en_US","og_type":"article","og_title":"User manual downloads - JFA Automotivo","og_description":"Remote control Control Remoto Acqua 1200 &#8211; English Download Control Remoto Acqua 1200 \u2013 Spanish Download Control Remoto Redline &#8211; English Download Control Remoto Redline \u2013 Spanish Download Control Remoto K1200 &#8211; English Download Control Remoto K1200 \u2013 Spanish Download K600 Control &#8211; English Download K600 Control &#8211; Spanish Power supply and chargers Power Supply [&hellip;]","og_url":"https:\/\/automotivo.jfaeletronicos.com\/en\/downloads\/","og_site_name":"JFA Automotivo","article_modified_time":"2025-02-17T16:58:35+00:00","twitter_card":"summary_large_image","schema":{"@context":"https:\/\/schema.org","@graph":[{"@type":"WebPage","@id":"https:\/\/automotivo.jfaeletronicos.com\/en\/downloads\/","url":"https:\/\/automotivo.jfaeletronicos.com\/en\/downloads\/","name":"User manual downloads - JFA Automotivo","isPartOf":{"@id":"https:\/\/automotivo.jfaeletronicos.com\/#website"},"datePublished":"2021-11-18T19:07:42+00:00","dateModified":"2025-02-17T16:58:35+00:00","breadcrumb":{"@id":"https:\/\/automotivo.jfaeletronicos.com\/en\/downloads\/#breadcrumb"},"inLanguage":"en-US","potentialAction":[{"@type":"ReadAction","target":["https:\/\/automotivo.jfaeletronicos.com\/en\/downloads\/"]}]},{"@type":"BreadcrumbList","@id":"https:\/\/automotivo.jfaeletronicos.com\/en\/downloads\/#breadcrumb","itemListElement":[{"@type":"ListItem","position":1,"name":"In\u00edcio","item":"https:\/\/automotivo.jfaeletronicos.com\/en\/"},{"@type":"ListItem","position":2,"name":"User manual downloads"}]},{"@type":"WebSite","@id":"https:\/\/automotivo.jfaeletronicos.com\/#website","url":"https:\/\/automotivo.jfaeletronicos.com\/","name":"JFA Automotivo","description":"Pot\u00eancia, design, tecnologia e inova\u00e7\u00e3o","potentialAction":[{"@type":"SearchAction","target":{"@type":"EntryPoint","urlTemplate":"https:\/\/automotivo.jfaeletronicos.com\/?s={search_term_string}"},"query-input":{"@type":"PropertyValueSpecification","valueRequired":true,"valueName":"search_term_string"}}],"inLanguage":"en-US"}]}},"_links":{"self":[{"href":"https:\/\/automotivo.jfaeletronicos.com\/en\/wp-json\/wp\/v2\/pages\/2189","targetHints":{"allow":["GET"]}}],"collection":[{"href":"https:\/\/automotivo.jfaeletronicos.com\/en\/wp-json\/wp\/v2\/pages"}],"about":[{"href":"https:\/\/automotivo.jfaeletronicos.com\/en\/wp-json\/wp\/v2\/types\/page"}],"author":[{"embeddable":true,"href":"https:\/\/automotivo.jfaeletronicos.com\/en\/wp-json\/wp\/v2\/users\/1"}],"replies":[{"embeddable":true,"href":"https:\/\/automotivo.jfaeletronicos.com\/en\/wp-json\/wp\/v2\/comments?post=2189"}],"version-history":[{"count":33,"href":"https:\/\/automotivo.jfaeletronicos.com\/en\/wp-json\/wp\/v2\/pages\/2189\/revisions"}],"predecessor-version":[{"id":4426,"href":"https:\/\/automotivo.jfaeletronicos.com\/en\/wp-json\/wp\/v2\/pages\/2189\/revisions\/4426"}],"wp:attachment":[{"href":"https:\/\/automotivo.jfaeletronicos.com\/en\/wp-json\/wp\/v2\/media?parent=2189"}],"curies":[{"name":"wp","href":"https:\/\/api.w.org\/{rel}","templated":true}]}}