{"id":2182,"date":"2021-11-18T15:52:04","date_gmt":"2021-11-18T18:52:04","guid":{"rendered":"https:\/\/automotivo.jfaeletronicos.com\/find-jfa-authorized-technical-assistance\/"},"modified":"2021-12-21T13:05:16","modified_gmt":"2021-12-21T16:05:16","slug":"support","status":"publish","type":"page","link":"https:\/\/automotivo.jfaeletronicos.com\/en\/support\/","title":{"rendered":"Find JFA authorized technical assistance"},"content":{"rendered":"\n<p>We have a wide network of Technical Assistance in Brazil and abroad. Choose your location and find the nearest authorized one.<\/p>\n","protected":false},"excerpt":{"rendered":"<p>We have a wide network of Technical Assistance in Brazil and abroad. Choose your location and find the nearest authorized one.<\/p>\n","protected":false},"author":1,"featured_media":1782,"parent":0,"menu_order":3,"comment_status":"closed","ping_status":"closed","template":"templates\/technical-assistance.php","meta":{"_acf_changed":false,"footnotes":""},"class_list":["post-2182","page","type-page","status-publish","has-post-thumbnail","hentry"],"acf":[],"yoast_head":"<!-- This site is optimized with the Yoast SEO plugin v27.4 - https:\/\/yoast.com\/product\/yoast-seo-wordpress\/ -->\n<title>Find JFA authorized technical assistance - JFA Automotivo<\/title>\n<meta name=\"description\" content=\"Contamos com uma ampla rede de Assist\u00eancias T\u00e9cnicas no Brasil e exterior. Choose your location and find the nearest authorized one.\" \/>\n<meta name=\"robots\" content=\"index, follow, max-snippet:-1, max-image-preview:large, max-video-preview:-1\" \/>\n<link rel=\"canonical\" href=\"https:\/\/automotivo.jfaeletronicos.com\/en\/support\/\" \/>\n<meta property=\"og:locale\" content=\"en_US\" \/>\n<meta property=\"og:type\" content=\"article\" \/>\n<meta property=\"og:title\" content=\"Find JFA authorized technical assistance - JFA Automotivo\" \/>\n<meta property=\"og:description\" content=\"Contamos com uma ampla rede de Assist\u00eancias T\u00e9cnicas no Brasil e exterior. Choose your location and find the nearest authorized one.\" \/>\n<meta property=\"og:url\" content=\"https:\/\/automotivo.jfaeletronicos.com\/en\/support\/\" \/>\n<meta property=\"og:site_name\" content=\"JFA Automotivo\" \/>\n<meta property=\"article:modified_time\" content=\"2021-12-21T16:05:16+00:00\" \/>\n<meta property=\"og:image\" content=\"https:\/\/automotivo.jfaeletronicos.com\/wp-content\/uploads\/sites\/2\/2021\/10\/Assistencia-Tecnica-1.png\" \/>\n\t<meta property=\"og:image:width\" content=\"512\" \/>\n\t<meta property=\"og:image:height\" content=\"512\" \/>\n\t<meta property=\"og:image:type\" content=\"image\/png\" \/>\n<meta name=\"twitter:card\" content=\"summary_large_image\" \/>\n<script type=\"application\/ld+json\" class=\"yoast-schema-graph\">{\"@context\":\"https:\\\/\\\/schema.org\",\"@graph\":[{\"@type\":\"WebPage\",\"@id\":\"https:\\\/\\\/automotivo.jfaeletronicos.com\\\/en\\\/support\\\/\",\"url\":\"https:\\\/\\\/automotivo.jfaeletronicos.com\\\/en\\\/support\\\/\",\"name\":\"Find JFA authorized technical assistance - JFA Automotivo\",\"isPartOf\":{\"@id\":\"https:\\\/\\\/automotivo.jfaeletronicos.com\\\/#website\"},\"primaryImageOfPage\":{\"@id\":\"https:\\\/\\\/automotivo.jfaeletronicos.com\\\/en\\\/support\\\/#primaryimage\"},\"image\":{\"@id\":\"https:\\\/\\\/automotivo.jfaeletronicos.com\\\/en\\\/support\\\/#primaryimage\"},\"thumbnailUrl\":\"https:\\\/\\\/images.weserv.nl\\\/?output=webp&url=https:\\\/\\\/automotivo.jfaeletronicos.com\\\/wp-content\\\/uploads\\\/sites\\\/2\\\/2021\\\/10\\\/Assistencia-Tecnica-1.png\",\"datePublished\":\"2021-11-18T18:52:04+00:00\",\"dateModified\":\"2021-12-21T16:05:16+00:00\",\"description\":\"Contamos com uma ampla rede de Assist\u00eancias T\u00e9cnicas no Brasil e exterior. Choose your location and find the nearest authorized one.\",\"breadcrumb\":{\"@id\":\"https:\\\/\\\/automotivo.jfaeletronicos.com\\\/en\\\/support\\\/#breadcrumb\"},\"inLanguage\":\"en-US\",\"potentialAction\":[{\"@type\":\"ReadAction\",\"target\":[\"https:\\\/\\\/automotivo.jfaeletronicos.com\\\/en\\\/support\\\/\"]}]},{\"@type\":\"ImageObject\",\"inLanguage\":\"en-US\",\"@id\":\"https:\\\/\\\/automotivo.jfaeletronicos.com\\\/en\\\/support\\\/#primaryimage\",\"url\":\"https:\\\/\\\/images.weserv.nl\\\/?output=webp&url=https:\\\/\\\/automotivo.jfaeletronicos.com\\\/wp-content\\\/uploads\\\/sites\\\/2\\\/2021\\\/10\\\/Assistencia-Tecnica-1.png\",\"contentUrl\":\"https:\\\/\\\/images.weserv.nl\\\/?output=webp&url=https:\\\/\\\/automotivo.jfaeletronicos.com\\\/wp-content\\\/uploads\\\/sites\\\/2\\\/2021\\\/10\\\/Assistencia-Tecnica-1.png\",\"width\":512,\"height\":512,\"caption\":\"Assistencia Tecnica\"},{\"@type\":\"BreadcrumbList\",\"@id\":\"https:\\\/\\\/automotivo.jfaeletronicos.com\\\/en\\\/support\\\/#breadcrumb\",\"itemListElement\":[{\"@type\":\"ListItem\",\"position\":1,\"name\":\"In\u00edcio\",\"item\":\"https:\\\/\\\/automotivo.jfaeletronicos.com\\\/en\\\/\"},{\"@type\":\"ListItem\",\"position\":2,\"name\":\"Find JFA authorized technical assistance\"}]},{\"@type\":\"WebSite\",\"@id\":\"https:\\\/\\\/automotivo.jfaeletronicos.com\\\/#website\",\"url\":\"https:\\\/\\\/automotivo.jfaeletronicos.com\\\/\",\"name\":\"JFA Automotivo\",\"description\":\"Pot\u00eancia, design, tecnologia e inova\u00e7\u00e3o\",\"potentialAction\":[{\"@type\":\"SearchAction\",\"target\":{\"@type\":\"EntryPoint\",\"urlTemplate\":\"https:\\\/\\\/automotivo.jfaeletronicos.com\\\/?s={search_term_string}\"},\"query-input\":{\"@type\":\"PropertyValueSpecification\",\"valueRequired\":true,\"valueName\":\"search_term_string\"}}],\"inLanguage\":\"en-US\"}]}<\/script>\n<!-- \/ Yoast SEO plugin. -->","yoast_head_json":{"title":"Find JFA authorized technical assistance - JFA Automotivo","description":"Contamos com uma ampla rede de Assist\u00eancias T\u00e9cnicas no Brasil e exterior. Choose your location and find the nearest authorized one.","robots":{"index":"index","follow":"follow","max-snippet":"max-snippet:-1","max-image-preview":"max-image-preview:large","max-video-preview":"max-video-preview:-1"},"canonical":"https:\/\/automotivo.jfaeletronicos.com\/en\/support\/","og_locale":"en_US","og_type":"article","og_title":"Find JFA authorized technical assistance - JFA Automotivo","og_description":"Contamos com uma ampla rede de Assist\u00eancias T\u00e9cnicas no Brasil e exterior. Choose your location and find the nearest authorized one.","og_url":"https:\/\/automotivo.jfaeletronicos.com\/en\/support\/","og_site_name":"JFA Automotivo","article_modified_time":"2021-12-21T16:05:16+00:00","og_image":[{"width":512,"height":512,"url":"https:\/\/automotivo.jfaeletronicos.com\/wp-content\/uploads\/sites\/2\/2021\/10\/Assistencia-Tecnica-1.png","type":"image\/png"}],"twitter_card":"summary_large_image","schema":{"@context":"https:\/\/schema.org","@graph":[{"@type":"WebPage","@id":"https:\/\/automotivo.jfaeletronicos.com\/en\/support\/","url":"https:\/\/automotivo.jfaeletronicos.com\/en\/support\/","name":"Find JFA authorized technical assistance - JFA Automotivo","isPartOf":{"@id":"https:\/\/automotivo.jfaeletronicos.com\/#website"},"primaryImageOfPage":{"@id":"https:\/\/automotivo.jfaeletronicos.com\/en\/support\/#primaryimage"},"image":{"@id":"https:\/\/automotivo.jfaeletronicos.com\/en\/support\/#primaryimage"},"thumbnailUrl":"https:\/\/images.weserv.nl\/?output=webp&url=https:\/\/automotivo.jfaeletronicos.com\/wp-content\/uploads\/sites\/2\/2021\/10\/Assistencia-Tecnica-1.png","datePublished":"2021-11-18T18:52:04+00:00","dateModified":"2021-12-21T16:05:16+00:00","description":"Contamos com uma ampla rede de Assist\u00eancias T\u00e9cnicas no Brasil e exterior. Choose your location and find the nearest authorized one.","breadcrumb":{"@id":"https:\/\/automotivo.jfaeletronicos.com\/en\/support\/#breadcrumb"},"inLanguage":"en-US","potentialAction":[{"@type":"ReadAction","target":["https:\/\/automotivo.jfaeletronicos.com\/en\/support\/"]}]},{"@type":"ImageObject","inLanguage":"en-US","@id":"https:\/\/automotivo.jfaeletronicos.com\/en\/support\/#primaryimage","url":"https:\/\/images.weserv.nl\/?output=webp&url=https:\/\/automotivo.jfaeletronicos.com\/wp-content\/uploads\/sites\/2\/2021\/10\/Assistencia-Tecnica-1.png","contentUrl":"https:\/\/images.weserv.nl\/?output=webp&url=https:\/\/automotivo.jfaeletronicos.com\/wp-content\/uploads\/sites\/2\/2021\/10\/Assistencia-Tecnica-1.png","width":512,"height":512,"caption":"Assistencia Tecnica"},{"@type":"BreadcrumbList","@id":"https:\/\/automotivo.jfaeletronicos.com\/en\/support\/#breadcrumb","itemListElement":[{"@type":"ListItem","position":1,"name":"In\u00edcio","item":"https:\/\/automotivo.jfaeletronicos.com\/en\/"},{"@type":"ListItem","position":2,"name":"Find JFA authorized technical assistance"}]},{"@type":"WebSite","@id":"https:\/\/automotivo.jfaeletronicos.com\/#website","url":"https:\/\/automotivo.jfaeletronicos.com\/","name":"JFA Automotivo","description":"Pot\u00eancia, design, tecnologia e inova\u00e7\u00e3o","potentialAction":[{"@type":"SearchAction","target":{"@type":"EntryPoint","urlTemplate":"https:\/\/automotivo.jfaeletronicos.com\/?s={search_term_string}"},"query-input":{"@type":"PropertyValueSpecification","valueRequired":true,"valueName":"search_term_string"}}],"inLanguage":"en-US"}]}},"_links":{"self":[{"href":"https:\/\/automotivo.jfaeletronicos.com\/en\/wp-json\/wp\/v2\/pages\/2182","targetHints":{"allow":["GET"]}}],"collection":[{"href":"https:\/\/automotivo.jfaeletronicos.com\/en\/wp-json\/wp\/v2\/pages"}],"about":[{"href":"https:\/\/automotivo.jfaeletronicos.com\/en\/wp-json\/wp\/v2\/types\/page"}],"author":[{"embeddable":true,"href":"https:\/\/automotivo.jfaeletronicos.com\/en\/wp-json\/wp\/v2\/users\/1"}],"replies":[{"embeddable":true,"href":"https:\/\/automotivo.jfaeletronicos.com\/en\/wp-json\/wp\/v2\/comments?post=2182"}],"version-history":[{"count":4,"href":"https:\/\/automotivo.jfaeletronicos.com\/en\/wp-json\/wp\/v2\/pages\/2182\/revisions"}],"predecessor-version":[{"id":2429,"href":"https:\/\/automotivo.jfaeletronicos.com\/en\/wp-json\/wp\/v2\/pages\/2182\/revisions\/2429"}],"wp:featuredmedia":[{"embeddable":true,"href":"https:\/\/automotivo.jfaeletronicos.com\/en\/wp-json\/wp\/v2\/media\/1782"}],"wp:attachment":[{"href":"https:\/\/automotivo.jfaeletronicos.com\/en\/wp-json\/wp\/v2\/media?parent=2182"}],"curies":[{"name":"wp","href":"https:\/\/api.w.org\/{rel}","templated":true}]}}