{"id":2176,"date":"2021-11-17T14:58:45","date_gmt":"2021-11-17T17:58:45","guid":{"rendered":"https:\/\/automotivo.jfaeletronicos.com\/find-a-jfa-eletronicos-representative-in-your-region\/"},"modified":"2021-12-21T13:10:15","modified_gmt":"2021-12-21T16:10:15","slug":"representatives","status":"publish","type":"page","link":"https:\/\/automotivo.jfaeletronicos.com\/en\/representatives\/","title":{"rendered":"Find a JFA Eletr\u00f4nicos representative in your region!"},"content":{"rendered":"\n<p>JFA is present throughout Brazil, countries in Europe, North America, Latin America and Asia. Find your nearest representative here and guarantee quality and technology with JFA products.<\/p>\n","protected":false},"excerpt":{"rendered":"<p>JFA is present throughout Brazil, countries in Europe, North America, Latin America and Asia. Find your nearest representative here and guarantee quality and technology with JFA products.<\/p>\n","protected":false},"author":1,"featured_media":1783,"parent":0,"menu_order":2,"comment_status":"closed","ping_status":"closed","template":"templates\/representatives.php","meta":{"_acf_changed":false,"footnotes":""},"class_list":["post-2176","page","type-page","status-publish","has-post-thumbnail","hentry"],"acf":[],"yoast_head":"<!-- This site is optimized with the Yoast SEO plugin v27.2 - https:\/\/yoast.com\/product\/yoast-seo-wordpress\/ -->\n<title>Find a JFA Eletr\u00f4nicos representative in your region! -<\/title>\n<meta name=\"description\" content=\"JFA is present throughout Brazil, countries in Europe, North America, Latin America and Asia. Find a JFA Eletr\u00f4nicos representative in your region!\" \/>\n<meta name=\"robots\" content=\"index, follow, max-snippet:-1, max-image-preview:large, max-video-preview:-1\" \/>\n<link rel=\"canonical\" href=\"https:\/\/automotivo.jfaeletronicos.com\/en\/representatives\/\" \/>\n<meta property=\"og:locale\" content=\"en_US\" \/>\n<meta property=\"og:type\" content=\"article\" \/>\n<meta property=\"og:title\" content=\"Find a JFA Eletr\u00f4nicos representative in your region! -\" \/>\n<meta property=\"og:description\" content=\"JFA is present throughout Brazil, countries in Europe, North America, Latin America and Asia. Find a JFA Eletr\u00f4nicos representative in your region!\" \/>\n<meta property=\"og:url\" content=\"https:\/\/automotivo.jfaeletronicos.com\/en\/representatives\/\" \/>\n<meta property=\"og:site_name\" content=\"JFA Automotivo\" \/>\n<meta property=\"article:modified_time\" content=\"2021-12-21T16:10:15+00:00\" \/>\n<meta property=\"og:image\" content=\"https:\/\/automotivo.jfaeletronicos.com\/wp-content\/uploads\/sites\/2\/2021\/10\/Encontre-um-Representante-1.png\" \/>\n\t<meta property=\"og:image:width\" content=\"512\" \/>\n\t<meta property=\"og:image:height\" content=\"512\" \/>\n\t<meta property=\"og:image:type\" content=\"image\/png\" \/>\n<meta name=\"twitter:card\" content=\"summary_large_image\" \/>\n<script type=\"application\/ld+json\" class=\"yoast-schema-graph\">{\"@context\":\"https:\/\/schema.org\",\"@graph\":[{\"@type\":\"WebPage\",\"@id\":\"https:\/\/automotivo.jfaeletronicos.com\/en\/representatives\/\",\"url\":\"https:\/\/automotivo.jfaeletronicos.com\/en\/representatives\/\",\"name\":\"Find a JFA Eletr\u00f4nicos representative in your region! -\",\"isPartOf\":{\"@id\":\"https:\/\/automotivo.jfaeletronicos.com\/#website\"},\"primaryImageOfPage\":{\"@id\":\"https:\/\/automotivo.jfaeletronicos.com\/en\/representatives\/#primaryimage\"},\"image\":{\"@id\":\"https:\/\/automotivo.jfaeletronicos.com\/en\/representatives\/#primaryimage\"},\"thumbnailUrl\":\"https:\/\/images.weserv.nl\/?output=webp&url=https:\/\/automotivo.jfaeletronicos.com\/wp-content\/uploads\/sites\/2\/2021\/10\/Encontre-um-Representante-1.png\",\"datePublished\":\"2021-11-17T17:58:45+00:00\",\"dateModified\":\"2021-12-21T16:10:15+00:00\",\"description\":\"JFA is present throughout Brazil, countries in Europe, North America, Latin America and Asia. Find a JFA Eletr\u00f4nicos representative in your region!\",\"breadcrumb\":{\"@id\":\"https:\/\/automotivo.jfaeletronicos.com\/en\/representatives\/#breadcrumb\"},\"inLanguage\":\"en-US\",\"potentialAction\":[{\"@type\":\"ReadAction\",\"target\":[\"https:\/\/automotivo.jfaeletronicos.com\/en\/representatives\/\"]}]},{\"@type\":\"ImageObject\",\"inLanguage\":\"en-US\",\"@id\":\"https:\/\/automotivo.jfaeletronicos.com\/en\/representatives\/#primaryimage\",\"url\":\"https:\/\/images.weserv.nl\/?output=webp&url=https:\/\/automotivo.jfaeletronicos.com\/wp-content\/uploads\/sites\/2\/2021\/10\/Encontre-um-Representante-1.png\",\"contentUrl\":\"https:\/\/images.weserv.nl\/?output=webp&url=https:\/\/automotivo.jfaeletronicos.com\/wp-content\/uploads\/sites\/2\/2021\/10\/Encontre-um-Representante-1.png\",\"width\":512,\"height\":512,\"caption\":\"Encontre um representante\"},{\"@type\":\"BreadcrumbList\",\"@id\":\"https:\/\/automotivo.jfaeletronicos.com\/en\/representatives\/#breadcrumb\",\"itemListElement\":[{\"@type\":\"ListItem\",\"position\":1,\"name\":\"In\u00edcio\",\"item\":\"https:\/\/automotivo.jfaeletronicos.com\/en\/\"},{\"@type\":\"ListItem\",\"position\":2,\"name\":\"Find a JFA Eletr\u00f4nicos representative in your region!\"}]},{\"@type\":\"WebSite\",\"@id\":\"https:\/\/automotivo.jfaeletronicos.com\/#website\",\"url\":\"https:\/\/automotivo.jfaeletronicos.com\/\",\"name\":\"JFA Automotivo\",\"description\":\"Pot\u00eancia, design, tecnologia e inova\u00e7\u00e3o\",\"potentialAction\":[{\"@type\":\"SearchAction\",\"target\":{\"@type\":\"EntryPoint\",\"urlTemplate\":\"https:\/\/automotivo.jfaeletronicos.com\/?s={search_term_string}\"},\"query-input\":{\"@type\":\"PropertyValueSpecification\",\"valueRequired\":true,\"valueName\":\"search_term_string\"}}],\"inLanguage\":\"en-US\"}]}<\/script>\n<!-- \/ Yoast SEO plugin. -->","yoast_head_json":{"title":"Find a JFA Eletr\u00f4nicos representative in your region! -","description":"JFA is present throughout Brazil, countries in Europe, North America, Latin America and Asia. Find a JFA Eletr\u00f4nicos representative in your region!","robots":{"index":"index","follow":"follow","max-snippet":"max-snippet:-1","max-image-preview":"max-image-preview:large","max-video-preview":"max-video-preview:-1"},"canonical":"https:\/\/automotivo.jfaeletronicos.com\/en\/representatives\/","og_locale":"en_US","og_type":"article","og_title":"Find a JFA Eletr\u00f4nicos representative in your region! -","og_description":"JFA is present throughout Brazil, countries in Europe, North America, Latin America and Asia. Find a JFA Eletr\u00f4nicos representative in your region!","og_url":"https:\/\/automotivo.jfaeletronicos.com\/en\/representatives\/","og_site_name":"JFA Automotivo","article_modified_time":"2021-12-21T16:10:15+00:00","og_image":[{"width":512,"height":512,"url":"https:\/\/automotivo.jfaeletronicos.com\/wp-content\/uploads\/sites\/2\/2021\/10\/Encontre-um-Representante-1.png","type":"image\/png"}],"twitter_card":"summary_large_image","schema":{"@context":"https:\/\/schema.org","@graph":[{"@type":"WebPage","@id":"https:\/\/automotivo.jfaeletronicos.com\/en\/representatives\/","url":"https:\/\/automotivo.jfaeletronicos.com\/en\/representatives\/","name":"Find a JFA Eletr\u00f4nicos representative in your region! -","isPartOf":{"@id":"https:\/\/automotivo.jfaeletronicos.com\/#website"},"primaryImageOfPage":{"@id":"https:\/\/automotivo.jfaeletronicos.com\/en\/representatives\/#primaryimage"},"image":{"@id":"https:\/\/automotivo.jfaeletronicos.com\/en\/representatives\/#primaryimage"},"thumbnailUrl":"https:\/\/images.weserv.nl\/?output=webp&url=https:\/\/automotivo.jfaeletronicos.com\/wp-content\/uploads\/sites\/2\/2021\/10\/Encontre-um-Representante-1.png","datePublished":"2021-11-17T17:58:45+00:00","dateModified":"2021-12-21T16:10:15+00:00","description":"JFA is present throughout Brazil, countries in Europe, North America, Latin America and Asia. Find a JFA Eletr\u00f4nicos representative in your region!","breadcrumb":{"@id":"https:\/\/automotivo.jfaeletronicos.com\/en\/representatives\/#breadcrumb"},"inLanguage":"en-US","potentialAction":[{"@type":"ReadAction","target":["https:\/\/automotivo.jfaeletronicos.com\/en\/representatives\/"]}]},{"@type":"ImageObject","inLanguage":"en-US","@id":"https:\/\/automotivo.jfaeletronicos.com\/en\/representatives\/#primaryimage","url":"https:\/\/images.weserv.nl\/?output=webp&url=https:\/\/automotivo.jfaeletronicos.com\/wp-content\/uploads\/sites\/2\/2021\/10\/Encontre-um-Representante-1.png","contentUrl":"https:\/\/images.weserv.nl\/?output=webp&url=https:\/\/automotivo.jfaeletronicos.com\/wp-content\/uploads\/sites\/2\/2021\/10\/Encontre-um-Representante-1.png","width":512,"height":512,"caption":"Encontre um representante"},{"@type":"BreadcrumbList","@id":"https:\/\/automotivo.jfaeletronicos.com\/en\/representatives\/#breadcrumb","itemListElement":[{"@type":"ListItem","position":1,"name":"In\u00edcio","item":"https:\/\/automotivo.jfaeletronicos.com\/en\/"},{"@type":"ListItem","position":2,"name":"Find a JFA Eletr\u00f4nicos representative in your region!"}]},{"@type":"WebSite","@id":"https:\/\/automotivo.jfaeletronicos.com\/#website","url":"https:\/\/automotivo.jfaeletronicos.com\/","name":"JFA Automotivo","description":"Pot\u00eancia, design, tecnologia e inova\u00e7\u00e3o","potentialAction":[{"@type":"SearchAction","target":{"@type":"EntryPoint","urlTemplate":"https:\/\/automotivo.jfaeletronicos.com\/?s={search_term_string}"},"query-input":{"@type":"PropertyValueSpecification","valueRequired":true,"valueName":"search_term_string"}}],"inLanguage":"en-US"}]}},"_links":{"self":[{"href":"https:\/\/automotivo.jfaeletronicos.com\/en\/wp-json\/wp\/v2\/pages\/2176","targetHints":{"allow":["GET"]}}],"collection":[{"href":"https:\/\/automotivo.jfaeletronicos.com\/en\/wp-json\/wp\/v2\/pages"}],"about":[{"href":"https:\/\/automotivo.jfaeletronicos.com\/en\/wp-json\/wp\/v2\/types\/page"}],"author":[{"embeddable":true,"href":"https:\/\/automotivo.jfaeletronicos.com\/en\/wp-json\/wp\/v2\/users\/1"}],"replies":[{"embeddable":true,"href":"https:\/\/automotivo.jfaeletronicos.com\/en\/wp-json\/wp\/v2\/comments?post=2176"}],"version-history":[{"count":2,"href":"https:\/\/automotivo.jfaeletronicos.com\/en\/wp-json\/wp\/v2\/pages\/2176\/revisions"}],"predecessor-version":[{"id":2428,"href":"https:\/\/automotivo.jfaeletronicos.com\/en\/wp-json\/wp\/v2\/pages\/2176\/revisions\/2428"}],"wp:featuredmedia":[{"embeddable":true,"href":"https:\/\/automotivo.jfaeletronicos.com\/en\/wp-json\/wp\/v2\/media\/1783"}],"wp:attachment":[{"href":"https:\/\/automotivo.jfaeletronicos.com\/en\/wp-json\/wp\/v2\/media?parent=2176"}],"curies":[{"name":"wp","href":"https:\/\/api.w.org\/{rel}","templated":true}]}}