{"id":2170,"date":"2021-11-17T14:53:12","date_gmt":"2021-11-17T17:53:12","guid":{"rendered":"https:\/\/automotivo.jfaeletronicos.com\/from-a-dream-to-a-benchmark-in-the-industry\/"},"modified":"2024-08-08T15:49:22","modified_gmt":"2024-08-08T18:49:22","slug":"about-us","status":"publish","type":"page","link":"https:\/\/automotivo.jfaeletronicos.com\/en\/about-us\/","title":{"rendered":"From a dream to a benchmark in the industry!"},"content":{"rendered":"\n<p>JFA Eletr\u00f4nicos is the result of a family dream that has made us a reference in the Automotive segment.<\/p>\n\n\n\n<p>In March 2004, cousins Fl\u00e1vio and Anderson started the much-dreamed-of company in a garage at one of the partners\u2019 homes.<\/p>\n\n\n\n<p>The sale of a popular car was what secured the investment for the first chapters of this successful and continuously developing story. With a focus on improvement to meet the needs of our customers, we provide a unique, high-performance experience through our products.<\/p>\n\n\n\n<p><strong>PIONEERING IS A REFERENCE IN THE AUTOMOTIVE SEGMENT.<\/strong> <br><br>The first JFA power supply was developed in 2005: the \u201cElectronic Charger.\u201d Two years later, improvements were made, and the product was reformulated, becoming the \u201cElectronic Battery Charger.\u201d<\/p>\n\n\n\n<p>In 2010, the TURBO power supply line was born: TURBO 800 and TURBO 1400. Then, in mid-2013, the true revolution took place: the 70-amp Power Supply and Battery Charger was developed, created in response to constant customer demand.<\/p>\n\n\n\n<p>It was at this moment that Fl\u00e1vio and Anderson innovated and delivered the product, making JFA a market reference with the development of battery charge control through their chargers\u2014a pioneering technology in Automotive Power Supplies. This process primarily utilized the exclusive Intelligent Charging System (ICS), thus avoiding frequent battery damage.<\/p>\n\n\n\n<p><strong>2023 marked another important milestone in JFA\u2019s history with the creation of JFA Amplifiers<\/strong>, further solidifying our commitment to innovation and excellence in the automotive segment.<\/p>\n\n\n\n<p>This product was responsible for consolidating the brand and strengthening JFA\u2019s DNA, which consists of developing products with innovative characteristics and high-quality standards.<\/p>\n\n\n\n<p>Those who use it know the difference!<\/p>\n\n\n\n<p>In this regard, we constantly reinforce our commitment to delivering products that stand out and make everyday life easier.<\/p>\n","protected":false},"excerpt":{"rendered":"<p>JFA Eletr\u00f4nicos is the result of a family dream that has made us a reference in the Automotive segment. In March 2004, cousins Fl\u00e1vio and Anderson started the much-dreamed-of company in a garage at one of the partners\u2019 homes. The sale of a popular car was what secured the investment for the first chapters of [&hellip;]<\/p>\n","protected":false},"author":1,"featured_media":0,"parent":0,"menu_order":4,"comment_status":"closed","ping_status":"closed","template":"templates\/about.php","meta":{"_acf_changed":false,"footnotes":""},"class_list":["post-2170","page","type-page","status-publish","hentry"],"acf":[],"yoast_head":"<!-- This site is optimized with the Yoast SEO plugin v27.2 - https:\/\/yoast.com\/product\/yoast-seo-wordpress\/ -->\n<title>From a dream to a benchmark in the industry! - JFA Automotivo<\/title>\n<meta name=\"robots\" content=\"index, follow, max-snippet:-1, max-image-preview:large, max-video-preview:-1\" \/>\n<link rel=\"canonical\" href=\"https:\/\/automotivo.jfaeletronicos.com\/en\/about-us\/\" \/>\n<meta property=\"og:locale\" content=\"en_US\" \/>\n<meta property=\"og:type\" content=\"article\" \/>\n<meta property=\"og:title\" content=\"From a dream to a benchmark in the industry! - JFA Automotivo\" \/>\n<meta property=\"og:description\" content=\"JFA Eletr\u00f4nicos is the result of a family dream that has made us a reference in the Automotive segment. In March 2004, cousins Fl\u00e1vio and Anderson started the much-dreamed-of company in a garage at one of the partners\u2019 homes. The sale of a popular car was what secured the investment for the first chapters of [&hellip;]\" \/>\n<meta property=\"og:url\" content=\"https:\/\/automotivo.jfaeletronicos.com\/en\/about-us\/\" \/>\n<meta property=\"og:site_name\" content=\"JFA Automotivo\" \/>\n<meta property=\"article:modified_time\" content=\"2024-08-08T18:49:22+00:00\" \/>\n<meta name=\"twitter:card\" content=\"summary_large_image\" \/>\n<script type=\"application\/ld+json\" class=\"yoast-schema-graph\">{\"@context\":\"https:\/\/schema.org\",\"@graph\":[{\"@type\":\"WebPage\",\"@id\":\"https:\/\/automotivo.jfaeletronicos.com\/en\/about-us\/\",\"url\":\"https:\/\/automotivo.jfaeletronicos.com\/en\/about-us\/\",\"name\":\"From a dream to a benchmark in the industry! - JFA Automotivo\",\"isPartOf\":{\"@id\":\"https:\/\/automotivo.jfaeletronicos.com\/#website\"},\"datePublished\":\"2021-11-17T17:53:12+00:00\",\"dateModified\":\"2024-08-08T18:49:22+00:00\",\"breadcrumb\":{\"@id\":\"https:\/\/automotivo.jfaeletronicos.com\/en\/about-us\/#breadcrumb\"},\"inLanguage\":\"en-US\",\"potentialAction\":[{\"@type\":\"ReadAction\",\"target\":[\"https:\/\/automotivo.jfaeletronicos.com\/en\/about-us\/\"]}]},{\"@type\":\"BreadcrumbList\",\"@id\":\"https:\/\/automotivo.jfaeletronicos.com\/en\/about-us\/#breadcrumb\",\"itemListElement\":[{\"@type\":\"ListItem\",\"position\":1,\"name\":\"In\u00edcio\",\"item\":\"https:\/\/automotivo.jfaeletronicos.com\/en\/\"},{\"@type\":\"ListItem\",\"position\":2,\"name\":\"From a dream to a benchmark in the industry!\"}]},{\"@type\":\"WebSite\",\"@id\":\"https:\/\/automotivo.jfaeletronicos.com\/#website\",\"url\":\"https:\/\/automotivo.jfaeletronicos.com\/\",\"name\":\"JFA Automotivo\",\"description\":\"Pot\u00eancia, design, tecnologia e inova\u00e7\u00e3o\",\"potentialAction\":[{\"@type\":\"SearchAction\",\"target\":{\"@type\":\"EntryPoint\",\"urlTemplate\":\"https:\/\/automotivo.jfaeletronicos.com\/?s={search_term_string}\"},\"query-input\":{\"@type\":\"PropertyValueSpecification\",\"valueRequired\":true,\"valueName\":\"search_term_string\"}}],\"inLanguage\":\"en-US\"}]}<\/script>\n<!-- \/ Yoast SEO plugin. -->","yoast_head_json":{"title":"From a dream to a benchmark in the industry! - JFA Automotivo","robots":{"index":"index","follow":"follow","max-snippet":"max-snippet:-1","max-image-preview":"max-image-preview:large","max-video-preview":"max-video-preview:-1"},"canonical":"https:\/\/automotivo.jfaeletronicos.com\/en\/about-us\/","og_locale":"en_US","og_type":"article","og_title":"From a dream to a benchmark in the industry! - JFA Automotivo","og_description":"JFA Eletr\u00f4nicos is the result of a family dream that has made us a reference in the Automotive segment. In March 2004, cousins Fl\u00e1vio and Anderson started the much-dreamed-of company in a garage at one of the partners\u2019 homes. The sale of a popular car was what secured the investment for the first chapters of [&hellip;]","og_url":"https:\/\/automotivo.jfaeletronicos.com\/en\/about-us\/","og_site_name":"JFA Automotivo","article_modified_time":"2024-08-08T18:49:22+00:00","twitter_card":"summary_large_image","schema":{"@context":"https:\/\/schema.org","@graph":[{"@type":"WebPage","@id":"https:\/\/automotivo.jfaeletronicos.com\/en\/about-us\/","url":"https:\/\/automotivo.jfaeletronicos.com\/en\/about-us\/","name":"From a dream to a benchmark in the industry! - JFA Automotivo","isPartOf":{"@id":"https:\/\/automotivo.jfaeletronicos.com\/#website"},"datePublished":"2021-11-17T17:53:12+00:00","dateModified":"2024-08-08T18:49:22+00:00","breadcrumb":{"@id":"https:\/\/automotivo.jfaeletronicos.com\/en\/about-us\/#breadcrumb"},"inLanguage":"en-US","potentialAction":[{"@type":"ReadAction","target":["https:\/\/automotivo.jfaeletronicos.com\/en\/about-us\/"]}]},{"@type":"BreadcrumbList","@id":"https:\/\/automotivo.jfaeletronicos.com\/en\/about-us\/#breadcrumb","itemListElement":[{"@type":"ListItem","position":1,"name":"In\u00edcio","item":"https:\/\/automotivo.jfaeletronicos.com\/en\/"},{"@type":"ListItem","position":2,"name":"From a dream to a benchmark in the industry!"}]},{"@type":"WebSite","@id":"https:\/\/automotivo.jfaeletronicos.com\/#website","url":"https:\/\/automotivo.jfaeletronicos.com\/","name":"JFA Automotivo","description":"Pot\u00eancia, design, tecnologia e inova\u00e7\u00e3o","potentialAction":[{"@type":"SearchAction","target":{"@type":"EntryPoint","urlTemplate":"https:\/\/automotivo.jfaeletronicos.com\/?s={search_term_string}"},"query-input":{"@type":"PropertyValueSpecification","valueRequired":true,"valueName":"search_term_string"}}],"inLanguage":"en-US"}]}},"_links":{"self":[{"href":"https:\/\/automotivo.jfaeletronicos.com\/en\/wp-json\/wp\/v2\/pages\/2170","targetHints":{"allow":["GET"]}}],"collection":[{"href":"https:\/\/automotivo.jfaeletronicos.com\/en\/wp-json\/wp\/v2\/pages"}],"about":[{"href":"https:\/\/automotivo.jfaeletronicos.com\/en\/wp-json\/wp\/v2\/types\/page"}],"author":[{"embeddable":true,"href":"https:\/\/automotivo.jfaeletronicos.com\/en\/wp-json\/wp\/v2\/users\/1"}],"replies":[{"embeddable":true,"href":"https:\/\/automotivo.jfaeletronicos.com\/en\/wp-json\/wp\/v2\/comments?post=2170"}],"version-history":[{"count":7,"href":"https:\/\/automotivo.jfaeletronicos.com\/en\/wp-json\/wp\/v2\/pages\/2170\/revisions"}],"predecessor-version":[{"id":4259,"href":"https:\/\/automotivo.jfaeletronicos.com\/en\/wp-json\/wp\/v2\/pages\/2170\/revisions\/4259"}],"wp:attachment":[{"href":"https:\/\/automotivo.jfaeletronicos.com\/en\/wp-json\/wp\/v2\/media?parent=2170"}],"curies":[{"name":"wp","href":"https:\/\/api.w.org\/{rel}","templated":true}]}}